{"id":23080,"date":"2021-06-08T11:32:12","date_gmt":"2021-06-08T09:32:12","guid":{"rendered":"https:\/\/www.comau.com\/?page_id=23080"},"modified":"2021-07-20T11:05:59","modified_gmt":"2021-07-20T09:05:59","slug":"smartdrivecomau-700l","status":"publish","type":"page","link":"https:\/\/www.comau.com\/de\/competencies\/products-solutions\/machining-system-products\/smartdrivecomau-700l\/","title":{"rendered":"SmartDriveComau 700L"},"content":{"rendered":"\n<p>Das einfache und robuste Konzept des SmartDriveComau 700L Horizontalbearbeitungszentrums ist Ausdruck der umfassenden Erfahrung von Comau im Bereich der Hochgeschwindigkeits-, Pr\u00e4zisions- und Hochleistungsbearbeitung.<\/p>\n\n<p>Dank einer Auswahl von Linearmotoren oder Kugelgewindetrieben sowie einer Vielzahl modularer Konfigurationen und Optionen eignet sich diese Maschine f\u00fcr alle wesentlichen Anwendungen in der Fertigungsindustrie \u2013 als Einzelmaschine oder integriert in hochflexible Bearbeitungssysteme.<\/p>\n\n<figure class=\"wp-block-embed is-type-video is-provider-youtube wp-block-embed-youtube wp-embed-aspect-16-9 wp-has-aspect-ratio\"><div class=\"wp-block-embed__wrapper\">\n<iframe title=\"SmartDriveComau 700L\" width=\"640\" height=\"360\" src=\"https:\/\/www.youtube.com\/embed\/Mr0i6jXgd4A?feature=oembed\" frameborder=\"0\" allow=\"accelerometer; autoplay; clipboard-write; encrypted-media; gyroscope; picture-in-picture; web-share\" referrerpolicy=\"strict-origin-when-cross-origin\" allowfullscreen><\/iframe>\n<\/div><\/figure>\n\n<h2 class=\"wp-block-heading\">Leistungsversprechen<\/h2>\n\n<ul class=\"wp-block-list\"><li>Hochgeschwindigkeitsbearbeitung mit dynamischer Pr\u00e4zision zur Erzielung hoher Produktivit\u00e4t und Qualit\u00e4t.<\/li><li>Eine Auswahl von Spindeln und Werkzeugmagazinen.<\/li><li>Extrem robuste Struktur f\u00fcr ein gutes Schwingungsverhalten bei Schrupp- und Schlichtbearbeitungen.<\/li><li>Pr\u00e4zise langfristige Wiederholgenauigkeit und Verschlei\u00dffreiheit dank Drehtischen (A-Achse, B-Achse oder beide), die von Hochmomentmotoren direkt angetrieben werden.<\/li><li>Modulare Konfigurationen zum Be- und Entladen bieten die M\u00f6glichkeit zur Integration in flexible und wieder verwendbare moderne Fertigungssysteme.<\/li><\/ul>\n\n<h2 class=\"wp-block-heading\">Umweltvorteile<\/h2>\n\n<ul class=\"wp-block-list\"><li>Energiesparmodi-Management<\/li><li>Geringerer Fl\u00fcssigkeitsverbrauch<\/li><li>Neueste Komponentengeneration mit geringerer Leistungsaufnahme<\/li><li>Kompakte Stellfl\u00e4che<\/li><\/ul>\n\n<h2 class=\"wp-block-heading\">SmartDriveComau 700L<\/h2>\n\n<figure class=\"wp-block-table is-style-stripes\"><table><tbody><tr><td><strong>Antriebstechnik<\/strong><\/td><td>Linearmotor<\/td><\/tr><tr><td><strong>X Hub (mm)<\/strong><\/td><td>700<\/td><\/tr><tr><td><strong>Y Hub (mm)<\/strong><\/td><td>700<\/td><\/tr><tr><td><strong>Z Hub (mm)<\/strong><\/td><td>800<\/td><\/tr><\/tbody><\/table><figcaption>Achsentechnik und Hub<\/figcaption><\/figure>\n","protected":false},"excerpt":{"rendered":"<p>Das einfache und robuste Konzept des SmartDriveComau 700L Horizontalbearbeitungszentrums ist Ausdruck der umfassenden Erfahrung von Comau im Bereich der Hochgeschwindigkeits-, Pr\u00e4zisions- und Hochleistungsbearbeitung. Dank einer Auswahl von Linearmotoren oder Kugelgewindetrieben sowie einer Vielzahl modularer Konfigurationen und Optionen eignet sich diese Maschine f\u00fcr alle wesentlichen Anwendungen in der Fertigungsindustrie \u2013 als Einzelmaschine oder integriert in hochflexible [&hellip;]<\/p>\n","protected":false},"author":11,"featured_media":5895,"parent":5836,"menu_order":4,"comment_status":"closed","ping_status":"closed","template":"","meta":{"_acf_changed":false,"ep_exclude_from_search":false,"footnotes":""},"class_list":["post-23080","page","type-page","status-publish","has-post-thumbnail","hentry"],"acf":[],"yoast_head":"<!-- This site is optimized with the Yoast SEO plugin v26.9 - https:\/\/yoast.com\/product\/yoast-seo-wordpress\/ -->\n<title>SmartDriveComau 700L - Comau<\/title>\n<meta name=\"robots\" content=\"index, follow, max-snippet:-1, max-image-preview:large, max-video-preview:-1\" \/>\n<link rel=\"canonical\" href=\"https:\/\/www.comau.com\/de\/competencies\/products-solutions\/machining-system-products\/smartdrivecomau-700l\/\" \/>\n<meta property=\"og:locale\" content=\"de_DE\" \/>\n<meta property=\"og:type\" content=\"article\" \/>\n<meta property=\"og:title\" content=\"SmartDriveComau 700L - Comau\" \/>\n<meta property=\"og:description\" content=\"Das einfache und robuste Konzept des SmartDriveComau 700L Horizontalbearbeitungszentrums ist Ausdruck der umfassenden Erfahrung von Comau im Bereich der Hochgeschwindigkeits-, Pr\u00e4zisions- und Hochleistungsbearbeitung. Dank einer Auswahl von Linearmotoren oder Kugelgewindetrieben sowie einer Vielzahl modularer Konfigurationen und Optionen eignet sich diese Maschine f\u00fcr alle wesentlichen Anwendungen in der Fertigungsindustrie \u2013 als Einzelmaschine oder integriert in hochflexible [&hellip;]\" \/>\n<meta property=\"og:url\" content=\"https:\/\/www.comau.com\/de\/competencies\/products-solutions\/machining-system-products\/smartdrivecomau-700l\/\" \/>\n<meta property=\"og:site_name\" content=\"Comau\" \/>\n<meta property=\"article:publisher\" content=\"https:\/\/www.facebook.com\/COMAU\/\" \/>\n<meta property=\"article:modified_time\" content=\"2021-07-20T09:05:59+00:00\" \/>\n<meta property=\"og:image\" content=\"https:\/\/www.comau.com\/wp-content\/uploads\/2021\/06\/SmartDriveComau700L_header.jpg\" \/>\n\t<meta property=\"og:image:width\" content=\"1280\" \/>\n\t<meta property=\"og:image:height\" content=\"485\" \/>\n\t<meta property=\"og:image:type\" content=\"image\/jpeg\" \/>\n<meta name=\"twitter:card\" content=\"summary_large_image\" \/>\n<meta name=\"twitter:site\" content=\"@comaugroup\" \/>\n<meta name=\"twitter:label1\" content=\"Gesch\u00e4tzte Lesezeit\" \/>\n\t<meta name=\"twitter:data1\" content=\"1\u00a0Minute\" \/>\n<script type=\"application\/ld+json\" class=\"yoast-schema-graph\">{\"@context\":\"https:\/\/schema.org\",\"@graph\":[{\"@type\":\"WebPage\",\"@id\":\"https:\/\/www.comau.com\/de\/competencies\/products-solutions\/machining-system-products\/smartdrivecomau-700l\/\",\"url\":\"https:\/\/www.comau.com\/de\/competencies\/products-solutions\/machining-system-products\/smartdrivecomau-700l\/\",\"name\":\"SmartDriveComau 700L - Comau\",\"isPartOf\":{\"@id\":\"https:\/\/www.comau.com\/de\/#website\"},\"primaryImageOfPage\":{\"@id\":\"https:\/\/www.comau.com\/de\/competencies\/products-solutions\/machining-system-products\/smartdrivecomau-700l\/#primaryimage\"},\"image\":{\"@id\":\"https:\/\/www.comau.com\/de\/competencies\/products-solutions\/machining-system-products\/smartdrivecomau-700l\/#primaryimage\"},\"thumbnailUrl\":\"https:\/\/www.comau.com\/wp-content\/uploads\/2021\/06\/SmartDriveComau700L_header.jpg\",\"datePublished\":\"2021-06-08T09:32:12+00:00\",\"dateModified\":\"2021-07-20T09:05:59+00:00\",\"breadcrumb\":{\"@id\":\"https:\/\/www.comau.com\/de\/competencies\/products-solutions\/machining-system-products\/smartdrivecomau-700l\/#breadcrumb\"},\"inLanguage\":\"de\",\"potentialAction\":[{\"@type\":\"ReadAction\",\"target\":[\"https:\/\/www.comau.com\/de\/competencies\/products-solutions\/machining-system-products\/smartdrivecomau-700l\/\"]}]},{\"@type\":\"ImageObject\",\"inLanguage\":\"de\",\"@id\":\"https:\/\/www.comau.com\/de\/competencies\/products-solutions\/machining-system-products\/smartdrivecomau-700l\/#primaryimage\",\"url\":\"https:\/\/www.comau.com\/wp-content\/uploads\/2021\/06\/SmartDriveComau700L_header.jpg\",\"contentUrl\":\"https:\/\/www.comau.com\/wp-content\/uploads\/2021\/06\/SmartDriveComau700L_header.jpg\",\"width\":1280,\"height\":485},{\"@type\":\"BreadcrumbList\",\"@id\":\"https:\/\/www.comau.com\/de\/competencies\/products-solutions\/machining-system-products\/smartdrivecomau-700l\/#breadcrumb\",\"itemListElement\":[{\"@type\":\"ListItem\",\"position\":1,\"name\":\"Home\",\"item\":\"https:\/\/www.comau.com\/de\/\"},{\"@type\":\"ListItem\",\"position\":2,\"name\":\"Unsere Kompetenzen\",\"item\":\"https:\/\/www.comau.com\/de\/competencies\/\"},{\"@type\":\"ListItem\",\"position\":3,\"name\":\"Powertrain &#038; Machining\",\"item\":\"https:\/\/www.comau.com\/de\/competencies\/powertrain-machining\/\"},{\"@type\":\"ListItem\",\"position\":4,\"name\":\"Machining System &amp; Products\",\"item\":\"https:\/\/www.comau.com\/de\/competencies\/powertrain-machining\/machining-system-products\/\"},{\"@type\":\"ListItem\",\"position\":5,\"name\":\"SmartDriveComau 700L\"}]},{\"@type\":\"WebSite\",\"@id\":\"https:\/\/www.comau.com\/de\/#website\",\"url\":\"https:\/\/www.comau.com\/de\/\",\"name\":\"Comau\",\"description\":\"Industrial automation and robotics\",\"publisher\":{\"@id\":\"https:\/\/www.comau.com\/de\/#organization\"},\"potentialAction\":[{\"@type\":\"SearchAction\",\"target\":{\"@type\":\"EntryPoint\",\"urlTemplate\":\"https:\/\/www.comau.com\/de\/?s={search_term_string}\"},\"query-input\":{\"@type\":\"PropertyValueSpecification\",\"valueRequired\":true,\"valueName\":\"search_term_string\"}}],\"inLanguage\":\"de\"},{\"@type\":\"Organization\",\"@id\":\"https:\/\/www.comau.com\/de\/#organization\",\"name\":\"Comau\",\"url\":\"https:\/\/www.comau.com\/de\/\",\"logo\":{\"@type\":\"ImageObject\",\"inLanguage\":\"de\",\"@id\":\"https:\/\/www.comau.com\/de\/#\/schema\/logo\/image\/\",\"url\":\"https:\/\/www.comau.com\/wp-content\/uploads\/2024\/07\/cropped-Logo-COMAU.png\",\"contentUrl\":\"https:\/\/www.comau.com\/wp-content\/uploads\/2024\/07\/cropped-Logo-COMAU.png\",\"width\":434,\"height\":434,\"caption\":\"Comau\"},\"image\":{\"@id\":\"https:\/\/www.comau.com\/de\/#\/schema\/logo\/image\/\"},\"sameAs\":[\"https:\/\/www.facebook.com\/COMAU\/\",\"https:\/\/x.com\/comaugroup\",\"https:\/\/www.instagram.com\/comaugroup\/\",\"https:\/\/www.linkedin.com\/company\/comau\",\"https:\/\/www.youtube.com\/user\/comau\"]}]}<\/script>\n<!-- \/ Yoast SEO plugin. -->","yoast_head_json":{"title":"SmartDriveComau 700L - Comau","robots":{"index":"index","follow":"follow","max-snippet":"max-snippet:-1","max-image-preview":"max-image-preview:large","max-video-preview":"max-video-preview:-1"},"canonical":"https:\/\/www.comau.com\/de\/competencies\/products-solutions\/machining-system-products\/smartdrivecomau-700l\/","og_locale":"de_DE","og_type":"article","og_title":"SmartDriveComau 700L - Comau","og_description":"Das einfache und robuste Konzept des SmartDriveComau 700L Horizontalbearbeitungszentrums ist Ausdruck der umfassenden Erfahrung von Comau im Bereich der Hochgeschwindigkeits-, Pr\u00e4zisions- und Hochleistungsbearbeitung. Dank einer Auswahl von Linearmotoren oder Kugelgewindetrieben sowie einer Vielzahl modularer Konfigurationen und Optionen eignet sich diese Maschine f\u00fcr alle wesentlichen Anwendungen in der Fertigungsindustrie \u2013 als Einzelmaschine oder integriert in hochflexible [&hellip;]","og_url":"https:\/\/www.comau.com\/de\/competencies\/products-solutions\/machining-system-products\/smartdrivecomau-700l\/","og_site_name":"Comau","article_publisher":"https:\/\/www.facebook.com\/COMAU\/","article_modified_time":"2021-07-20T09:05:59+00:00","og_image":[{"width":1280,"height":485,"url":"https:\/\/www.comau.com\/wp-content\/uploads\/2021\/06\/SmartDriveComau700L_header.jpg","type":"image\/jpeg"}],"twitter_card":"summary_large_image","twitter_site":"@comaugroup","twitter_misc":{"Gesch\u00e4tzte Lesezeit":"1\u00a0Minute"},"schema":{"@context":"https:\/\/schema.org","@graph":[{"@type":"WebPage","@id":"https:\/\/www.comau.com\/de\/competencies\/products-solutions\/machining-system-products\/smartdrivecomau-700l\/","url":"https:\/\/www.comau.com\/de\/competencies\/products-solutions\/machining-system-products\/smartdrivecomau-700l\/","name":"SmartDriveComau 700L - Comau","isPartOf":{"@id":"https:\/\/www.comau.com\/de\/#website"},"primaryImageOfPage":{"@id":"https:\/\/www.comau.com\/de\/competencies\/products-solutions\/machining-system-products\/smartdrivecomau-700l\/#primaryimage"},"image":{"@id":"https:\/\/www.comau.com\/de\/competencies\/products-solutions\/machining-system-products\/smartdrivecomau-700l\/#primaryimage"},"thumbnailUrl":"https:\/\/www.comau.com\/wp-content\/uploads\/2021\/06\/SmartDriveComau700L_header.jpg","datePublished":"2021-06-08T09:32:12+00:00","dateModified":"2021-07-20T09:05:59+00:00","breadcrumb":{"@id":"https:\/\/www.comau.com\/de\/competencies\/products-solutions\/machining-system-products\/smartdrivecomau-700l\/#breadcrumb"},"inLanguage":"de","potentialAction":[{"@type":"ReadAction","target":["https:\/\/www.comau.com\/de\/competencies\/products-solutions\/machining-system-products\/smartdrivecomau-700l\/"]}]},{"@type":"ImageObject","inLanguage":"de","@id":"https:\/\/www.comau.com\/de\/competencies\/products-solutions\/machining-system-products\/smartdrivecomau-700l\/#primaryimage","url":"https:\/\/www.comau.com\/wp-content\/uploads\/2021\/06\/SmartDriveComau700L_header.jpg","contentUrl":"https:\/\/www.comau.com\/wp-content\/uploads\/2021\/06\/SmartDriveComau700L_header.jpg","width":1280,"height":485},{"@type":"BreadcrumbList","@id":"https:\/\/www.comau.com\/de\/competencies\/products-solutions\/machining-system-products\/smartdrivecomau-700l\/#breadcrumb","itemListElement":[{"@type":"ListItem","position":1,"name":"Home","item":"https:\/\/www.comau.com\/de\/"},{"@type":"ListItem","position":2,"name":"Unsere Kompetenzen","item":"https:\/\/www.comau.com\/de\/competencies\/"},{"@type":"ListItem","position":3,"name":"Powertrain &#038; Machining","item":"https:\/\/www.comau.com\/de\/competencies\/powertrain-machining\/"},{"@type":"ListItem","position":4,"name":"Machining System &amp; Products","item":"https:\/\/www.comau.com\/de\/competencies\/powertrain-machining\/machining-system-products\/"},{"@type":"ListItem","position":5,"name":"SmartDriveComau 700L"}]},{"@type":"WebSite","@id":"https:\/\/www.comau.com\/de\/#website","url":"https:\/\/www.comau.com\/de\/","name":"Comau","description":"Industrial automation and robotics","publisher":{"@id":"https:\/\/www.comau.com\/de\/#organization"},"potentialAction":[{"@type":"SearchAction","target":{"@type":"EntryPoint","urlTemplate":"https:\/\/www.comau.com\/de\/?s={search_term_string}"},"query-input":{"@type":"PropertyValueSpecification","valueRequired":true,"valueName":"search_term_string"}}],"inLanguage":"de"},{"@type":"Organization","@id":"https:\/\/www.comau.com\/de\/#organization","name":"Comau","url":"https:\/\/www.comau.com\/de\/","logo":{"@type":"ImageObject","inLanguage":"de","@id":"https:\/\/www.comau.com\/de\/#\/schema\/logo\/image\/","url":"https:\/\/www.comau.com\/wp-content\/uploads\/2024\/07\/cropped-Logo-COMAU.png","contentUrl":"https:\/\/www.comau.com\/wp-content\/uploads\/2024\/07\/cropped-Logo-COMAU.png","width":434,"height":434,"caption":"Comau"},"image":{"@id":"https:\/\/www.comau.com\/de\/#\/schema\/logo\/image\/"},"sameAs":["https:\/\/www.facebook.com\/COMAU\/","https:\/\/x.com\/comaugroup","https:\/\/www.instagram.com\/comaugroup\/","https:\/\/www.linkedin.com\/company\/comau","https:\/\/www.youtube.com\/user\/comau"]}]}},"_links":{"self":[{"href":"https:\/\/www.comau.com\/de\/wp-json\/wp\/v2\/pages\/23080","targetHints":{"allow":["GET"]}}],"collection":[{"href":"https:\/\/www.comau.com\/de\/wp-json\/wp\/v2\/pages"}],"about":[{"href":"https:\/\/www.comau.com\/de\/wp-json\/wp\/v2\/types\/page"}],"author":[{"embeddable":true,"href":"https:\/\/www.comau.com\/de\/wp-json\/wp\/v2\/users\/11"}],"replies":[{"embeddable":true,"href":"https:\/\/www.comau.com\/de\/wp-json\/wp\/v2\/comments?post=23080"}],"version-history":[{"count":22,"href":"https:\/\/www.comau.com\/de\/wp-json\/wp\/v2\/pages\/23080\/revisions"}],"predecessor-version":[{"id":30858,"href":"https:\/\/www.comau.com\/de\/wp-json\/wp\/v2\/pages\/23080\/revisions\/30858"}],"up":[{"embeddable":true,"href":"https:\/\/www.comau.com\/de\/wp-json\/wp\/v2\/pages\/5836"}],"wp:featuredmedia":[{"embeddable":true,"href":"https:\/\/www.comau.com\/de\/wp-json\/wp\/v2\/media\/5895"}],"wp:attachment":[{"href":"https:\/\/www.comau.com\/de\/wp-json\/wp\/v2\/media?parent=23080"}],"curies":[{"name":"wp","href":"https:\/\/api.w.org\/{rel}","templated":true}]}}