{"id":23055,"date":"2021-06-08T11:29:42","date_gmt":"2021-06-08T09:29:42","guid":{"rendered":"https:\/\/www.comau.com\/?page_id=23055"},"modified":"2022-02-03T15:10:16","modified_gmt":"2022-02-03T14:10:16","slug":"turnkey-systems","status":"publish","type":"page","link":"https:\/\/www.comau.com\/de\/competencies\/products-solutions\/machining-system-products\/turnkey-systems\/","title":{"rendered":"Schl\u00fcsselfertige Anlagen"},"content":{"rendered":"\n<h2 class=\"wp-block-heading\" id=\"umfassender-ansatz-zur-systemintegration\">Umfassender Ansatz zur Systemintegration<\/h2>\n\n\n\n<p>Ungeachtet der Komplexit\u00e4t Ihrer Bearbeitungserfordernisse kann unsere l\u00f6sungsorientierte Methodik und Systemkompetenz Ihnen bei einer raschen und reibungslosen Inbetriebnahme helfen. Wir verf\u00fcgen \u00fcber das Know-how, um jedes beliebige Bearbeitungsverfahren zu entwickeln, und k\u00f6nnen mit einer gro\u00dfen Auswahl von modularen Produkten f\u00fcr die gesamte Produktionskette die gew\u00fcnschte Produktivit\u00e4t, Flexibilit\u00e4t und langfristige Qualit\u00e4t gew\u00e4hrleisten. Im Speziellen verf\u00fcgen wir \u00fcber ein vollst\u00e4ndiges Angebot an Montage- und Testausr\u00fcstung f\u00fcr den Bearbeitungsprozess, um f\u00fcr die gesamte Nutzungsdauer Ihrer Ausr\u00fcstung eine erh\u00f6hte Konsistenz beim Bearbeitungs- und Montageverfahren sicherzustellen.<\/p>\n\n\n\n<div class=\"wp-block-columns is-layout-flex wp-container-core-columns-is-layout-9d6595d7 wp-block-columns-is-layout-flex\">\n<div class=\"wp-block-column is-layout-flow wp-block-column-is-layout-flow\">\n<div class=\"wp-block-getwid-image-box has-text-center has-mobile-layout-default has-mobile-alignment-default\"><div class=\"wp-block-getwid-image-box__image-container is-position-top\"><div class=\"wp-block-getwid-image-box__image-wrapper\"><img decoding=\"async\" width=\"184\" height=\"130\" src=\"https:\/\/www.comau.com\/wp-content\/uploads\/2021\/06\/global_experience.jpg\" alt=\"\" class=\"wp-block-getwid-image-box__image wp-image-9785\"\/><\/div><\/div><div class=\"wp-block-getwid-image-box__content\">\n<h3 class=\"wp-block-heading\"><\/h3>\n\n\n\n<p>Globale Erfahrung<\/p>\n<\/div><\/div>\n<\/div>\n\n\n\n<div class=\"wp-block-column is-layout-flow wp-block-column-is-layout-flow\">\n<div class=\"wp-block-getwid-image-box has-text-center has-mobile-layout-default has-mobile-alignment-default\"><div class=\"wp-block-getwid-image-box__image-container is-position-top\"><div class=\"wp-block-getwid-image-box__image-wrapper\"><img decoding=\"async\" width=\"184\" height=\"130\" src=\"https:\/\/www.comau.com\/wp-content\/uploads\/2021\/06\/integrated_systems_and_turn-key_solutions.jpg\" alt=\"\" class=\"wp-block-getwid-image-box__image wp-image-9790\"\/><\/div><\/div><div class=\"wp-block-getwid-image-box__content\">\n<h3 class=\"wp-block-heading\"><\/h3>\n\n\n\n<p>Integrierte Systeme und schl\u00fcsselfertige L\u00f6sungen<\/p>\n<\/div><\/div>\n<\/div>\n\n\n\n<div class=\"wp-block-column is-layout-flow wp-block-column-is-layout-flow\">\n<div class=\"wp-block-getwid-image-box has-text-center has-mobile-layout-default has-mobile-alignment-default\"><div class=\"wp-block-getwid-image-box__image-container is-position-top\"><div class=\"wp-block-getwid-image-box__image-wrapper\"><img decoding=\"async\" width=\"184\" height=\"130\" src=\"https:\/\/www.comau.com\/wp-content\/uploads\/2021\/06\/local_support.jpg\" alt=\"\" class=\"wp-block-getwid-image-box__image wp-image-9795\"\/><\/div><\/div><div class=\"wp-block-getwid-image-box__content\">\n<h3 class=\"wp-block-heading\"><\/h3>\n\n\n\n<p>Lokale Unterst\u00fctzung<\/p>\n<\/div><\/div>\n<\/div>\n\n\n\n<div class=\"wp-block-column is-layout-flow wp-block-column-is-layout-flow\">\n<div class=\"wp-block-getwid-image-box has-text-center has-mobile-layout-default has-mobile-alignment-default\"><div class=\"wp-block-getwid-image-box__image-container is-position-top\"><div class=\"wp-block-getwid-image-box__image-wrapper\"><img decoding=\"async\" width=\"184\" height=\"130\" src=\"https:\/\/www.comau.com\/wp-content\/uploads\/2021\/06\/modular-service-adapted-to-your-business.jpg\" alt=\"\" class=\"wp-block-getwid-image-box__image wp-image-9800\"\/><\/div><\/div><div class=\"wp-block-getwid-image-box__content\">\n<h3 class=\"wp-block-heading\"><\/h3>\n\n\n\n<p>Gesch\u00e4ftsspezifisches modulares Serviceangebot<\/p>\n<\/div><\/div>\n<\/div>\n<\/div>\n\n\n\n<h2 class=\"wp-block-heading\" id=\"unser-know-how\">Unser Know-how<\/h2>\n\n\n\n<ul class=\"wp-block-list\"><li>Verfahrenstechnik<\/li><li>Bearbeitungsmodule, Zubeh\u00f6r<\/li><li>Systemarchitektur<\/li><li>Automatisierung<\/li><li>Arbeitsablauflogistik und Simulation der Gesamtanlagen-Effizienz (Overall Equipment Effectiveness; OEE)<\/li><\/ul>\n\n\n\n<h3 class=\"wp-block-heading\" id=\"ihre-anforderungen\">Ihre Anforderungen<\/h3>\n\n\n\n<ul class=\"wp-block-list\"><li>\u200b\u200bQualit\u00e4tsoptimierung<\/li><li>Geringere Lebenszykluskosten<\/li><li>Flexibilit\u00e4t<\/li><\/ul>\n\n\n\n<h3 class=\"wp-block-heading\" id=\"ihre-vorteile\">Ihre Vorteile<\/h3>\n\n\n\n<ul class=\"wp-block-list\"><li>\u200b\u200bEinfacheres Schnittstellenmanagement<\/li><li>Garantierte Prozessqualit\u00e4t<\/li><li>Hohe Systemeffizienz<\/li><\/ul>\n\n\n\n<h2 class=\"wp-block-heading\" id=\"zusatzausrustung\">Zusatzausr\u00fcstung<\/h2>\n\n\n\n<p>Wir gew\u00e4hrleisten Produktivit\u00e4t, Langzeitqualit\u00e4t und kontinuierliche Zuverl\u00e4ssigkeit mit einem umfangreichen Zusatzausr\u00fcstungsangebot, einschlie\u00dflich Montage- und Testausr\u00fcstung f\u00fcr den Bearbeitungsprozess. Dar\u00fcber hinaus reichen unsere Aktivit\u00e4ten von der Kennzeichnung und Endkontrolle bis hin zu Umschlag\/Logistik sowie der Integration ausgelagerter Funktionen, um schl\u00fcsselfertige Komplettsysteme anzubieten, einschlie\u00dflich Honen, Waschen und Messen. Mit anderen Worten: wie liefern integrierte L\u00f6sungen, die Ihren individuellen Fertigungserfordernissen vollst\u00e4ndig gerecht werden \u2013 heute und morgen.<\/p>\n\n\n\n<h3 class=\"wp-block-heading\" id=\"warum\">Warum<\/h3>\n\n\n\n<ul class=\"wp-block-list\"><li>Um den gesamten Prozess \u00fcber einen einzigen Anbieter abzuwickeln<\/li><li>Um die Projektmanagementkosten zu senken (nur ein Inbetriebnahmestandort, Logistik von Probeteilen)<\/li><li>Um die Bearbeitungs- und Montage-Prozesskonsistenz zu optimieren<\/li><\/ul>\n\n\n\n<h3 class=\"wp-block-heading\" id=\"was\">Was<\/h3>\n\n\n\n<ul class=\"wp-block-list\"><li>Ein umfassendes Angebot an Montage- und Pr\u00fcfl\u00f6sungen<\/li><li>Roboterl\u00f6sungen f\u00fcr hohe Flexibilit\u00e4t<\/li><li>Geeignet f\u00fcr Prozesse jeder Art \u2013 von manuell bis automatisch<\/li><\/ul>\n\n\n\n<h3 class=\"wp-block-heading\" id=\"leistungsversprechen\">Leistungsversprechen<\/h3>\n\n\n\n<ul class=\"wp-block-list\"><li>Ein Anbieter sowohl f\u00fcr Bearbeitungs- als auch Montageverfahren<\/li><li>Reduzierte Logistik von Probeteilen<\/li><li>Prozessqualit\u00e4t<\/li><li>Hohes Ma\u00df an Flexibilit\u00e4t und Wiederverwendbarkeit<\/li><\/ul>\n\n\n\n<h3 class=\"wp-block-heading\" id=\"liste-der-comau-zusatzausrustung\">Liste der Comau-Zusatzausr\u00fcstung<\/h3>\n\n\n\n<ul class=\"wp-block-list\"><li>F\u00fchrungs- und Sitzmontagestation<\/li><li>Lecktest (zwischenzeitlich und abschlie\u00dfend)<\/li><li>Stahlkugel-\/-stopfen- \/ Zapfen-Montagestation<\/li><li>Kappen- \/ Grundplatten- \/ Leiterrahmenmontage<\/li><li>Markierungsstation<\/li><li>Endkontrolle<\/li><\/ul>\n\n\n\n<h2 class=\"wp-block-heading\" id=\"automatisierung\">Automatisierung<\/h2>\n\n\n\n<figure class=\"wp-block-image size-large\"><img decoding=\"async\" width=\"1024\" height=\"388\" src=\"https:\/\/www.comau.com\/wp-content\/uploads\/2021\/06\/Canvas-interni-robot-1024x388.jpg\" alt=\"\" class=\"wp-image-5889\" srcset=\"https:\/\/www.comau.com\/wp-content\/uploads\/2021\/06\/Canvas-interni-robot-1024x388.jpg 1024w, https:\/\/www.comau.com\/wp-content\/uploads\/2021\/06\/Canvas-interni-robot-300x114.jpg 300w, https:\/\/www.comau.com\/wp-content\/uploads\/2021\/06\/Canvas-interni-robot-768x291.jpg 768w, https:\/\/www.comau.com\/wp-content\/uploads\/2021\/06\/Canvas-interni-robot.jpg 1280w\" sizes=\"(max-width: 1024px) 100vw, 1024px\" \/><\/figure>\n\n\n\n<h3 class=\"wp-block-heading\" id=\"warum\">Warum<\/h3>\n\n\n\n<ul class=\"wp-block-list\"><li>Um den gesamten Prozess \u00fcber einen einzigen Anbieter abzuwickeln<\/li><li>Um Schnittstellen zu vereinfachen<\/li><li>Um den Anforderungen Ihrer Fertigungsebene gerecht zu werden<\/li><li>Die Logistik der Fertigungslinie ist das R\u00fcckgrat des System<\/li><\/ul>\n\n\n\n<h3 class=\"wp-block-heading\" id=\"was\">Was<\/h3>\n\n\n\n<ul class=\"wp-block-list\"><li>Ein umfassendes L\u00f6sungsangebot f\u00fcr Ihre Produktionslinie<\/li><li>Roboterversorgung und -integration<\/li><li>Konstruktion und Bereitstellung von speziellen Greifern und Fabrikautomatisierung<\/li><li>Virtuelle Inbetriebnahme<\/li><\/ul>\n\n\n\n<h3 class=\"wp-block-heading\" id=\"leistungsversprechen\">Leistungsversprechen<\/h3>\n\n\n\n<ul class=\"wp-block-list\"><li>Ein Komplettanbieter f\u00fcr die Logistik und die Schnittstellen<\/li><li>Verbesserte Gesamtanlagen-Effizienz (OEE)<\/li><li>Hohes Ma\u00df an Flexibilit\u00e4t und Wiederverwendbarkeit<\/li><li>Antizipierte Validierung von Neuinstallationen oder Umr\u00fcstungen mittels virtueller Inbetriebnahme<\/li><\/ul>\n\n\n\n<h2 class=\"wp-block-heading\" id=\"virtuelle-inbetriebnahme-der-erste-schritt-zur-digitalen-transformation\">Virtuelle Inbetriebnahme: der erste Schritt zur digitalen Transformation<\/h2>\n\n\n\n<p>\n\nZur virtuellen Inbetriebnahme geh\u00f6rt der Einsatz von 3D-Simulationstools, um Anlagenver\u00e4nderungen zu pr\u00fcfen, bevor diese in der physikalischen Anlage tats\u00e4chlich stattfinden. Diese Technologie erm\u00f6glicht es nicht nur, Ausfallrisiken und relative Kosten zu vermeiden, sondern resultiert auch in weniger Anlaufproblemen und einer rascheren Implementierung.<\/p>\n\n\n\n<p>Mit Hilfe dieser Technologie kann man Anlagenver\u00e4nderungen verifizieren und validieren, ein System schon vor der Fertigstellung von Greenfield-Konzepten aufbauen und \u2013 in vollem Umfang \u2013 den Simulator nutzen, um Betriebs- und Wartungspersonal nach der Inbetriebnahme zu schulen oder zuk\u00fcnftige \u00c4nderungen zu planen (in diesem Fall von Engineering-Experten).<\/p>\n\n\n\n<figure class=\"wp-block-embed is-type-video is-provider-youtube wp-block-embed-youtube wp-embed-aspect-16-9 wp-has-aspect-ratio\"><div class=\"wp-block-embed__wrapper\">\n<iframe title=\"Comau Virtual Commissioning: the first step to the Digital Transformation\" width=\"640\" height=\"360\" src=\"https:\/\/www.youtube.com\/embed\/lJ6m5JkPKMk?feature=oembed\" frameborder=\"0\" allow=\"accelerometer; autoplay; clipboard-write; encrypted-media; gyroscope; picture-in-picture; web-share\" referrerpolicy=\"strict-origin-when-cross-origin\" allowfullscreen><\/iframe>\n<\/div><\/figure>\n","protected":false},"excerpt":{"rendered":"<p>Umfassender Ansatz zur Systemintegration Ungeachtet der Komplexit\u00e4t Ihrer Bearbeitungserfordernisse kann unsere l\u00f6sungsorientierte Methodik und Systemkompetenz Ihnen bei einer raschen und reibungslosen Inbetriebnahme helfen. Wir verf\u00fcgen \u00fcber das Know-how, um jedes beliebige Bearbeitungsverfahren zu entwickeln, und k\u00f6nnen mit einer gro\u00dfen Auswahl von modularen Produkten f\u00fcr die gesamte Produktionskette die gew\u00fcnschte Produktivit\u00e4t, Flexibilit\u00e4t und langfristige Qualit\u00e4t gew\u00e4hrleisten. [&hellip;]<\/p>\n","protected":false},"author":11,"featured_media":5889,"parent":5836,"menu_order":2,"comment_status":"closed","ping_status":"closed","template":"","meta":{"_acf_changed":false,"ep_exclude_from_search":false,"footnotes":""},"class_list":["post-23055","page","type-page","status-publish","has-post-thumbnail","hentry"],"acf":[],"yoast_head":"<!-- This site is optimized with the Yoast SEO plugin v26.9 - https:\/\/yoast.com\/product\/yoast-seo-wordpress\/ -->\n<title>Integration von Bearbeitungs- und Logistiksystemen | Comau<\/title>\n<meta name=\"description\" content=\"Entdecken Sie die L\u00f6sungen und die Integration von Automatisierungssystemen f\u00fcr Bearbeitung und Logistik von Comau: Optimieren Sie Ihr Unternehmen!\" \/>\n<meta name=\"robots\" content=\"index, follow, max-snippet:-1, max-image-preview:large, max-video-preview:-1\" \/>\n<link rel=\"canonical\" href=\"https:\/\/www.comau.com\/de\/competencies\/products-solutions\/machining-system-products\/turnkey-systems\/\" \/>\n<meta property=\"og:locale\" content=\"de_DE\" \/>\n<meta property=\"og:type\" content=\"article\" \/>\n<meta property=\"og:title\" content=\"Integration von Bearbeitungs- und Logistiksystemen | Comau\" \/>\n<meta property=\"og:description\" content=\"Entdecken Sie die L\u00f6sungen und die Integration von Automatisierungssystemen f\u00fcr Bearbeitung und Logistik von Comau: Optimieren Sie Ihr Unternehmen!\" \/>\n<meta property=\"og:url\" content=\"https:\/\/www.comau.com\/de\/competencies\/products-solutions\/machining-system-products\/turnkey-systems\/\" \/>\n<meta property=\"og:site_name\" content=\"Comau\" \/>\n<meta property=\"article:publisher\" content=\"https:\/\/www.facebook.com\/COMAU\/\" \/>\n<meta property=\"article:modified_time\" content=\"2022-02-03T14:10:16+00:00\" \/>\n<meta property=\"og:image\" content=\"https:\/\/www.comau.com\/wp-content\/uploads\/2021\/06\/Canvas-interni-robot.jpg\" \/>\n\t<meta property=\"og:image:width\" content=\"1280\" \/>\n\t<meta property=\"og:image:height\" content=\"485\" \/>\n\t<meta property=\"og:image:type\" content=\"image\/jpeg\" \/>\n<meta name=\"twitter:card\" content=\"summary_large_image\" \/>\n<meta name=\"twitter:site\" content=\"@comaugroup\" \/>\n<meta name=\"twitter:label1\" content=\"Gesch\u00e4tzte Lesezeit\" \/>\n\t<meta name=\"twitter:data1\" content=\"3\u00a0Minuten\" \/>\n<script type=\"application\/ld+json\" class=\"yoast-schema-graph\">{\"@context\":\"https:\/\/schema.org\",\"@graph\":[{\"@type\":\"WebPage\",\"@id\":\"https:\/\/www.comau.com\/de\/competencies\/products-solutions\/machining-system-products\/turnkey-systems\/\",\"url\":\"https:\/\/www.comau.com\/de\/competencies\/products-solutions\/machining-system-products\/turnkey-systems\/\",\"name\":\"Integration von Bearbeitungs- und Logistiksystemen | Comau\",\"isPartOf\":{\"@id\":\"https:\/\/www.comau.com\/de\/#website\"},\"primaryImageOfPage\":{\"@id\":\"https:\/\/www.comau.com\/de\/competencies\/products-solutions\/machining-system-products\/turnkey-systems\/#primaryimage\"},\"image\":{\"@id\":\"https:\/\/www.comau.com\/de\/competencies\/products-solutions\/machining-system-products\/turnkey-systems\/#primaryimage\"},\"thumbnailUrl\":\"https:\/\/www.comau.com\/wp-content\/uploads\/2021\/06\/Canvas-interni-robot.jpg\",\"datePublished\":\"2021-06-08T09:29:42+00:00\",\"dateModified\":\"2022-02-03T14:10:16+00:00\",\"description\":\"Entdecken Sie die L\u00f6sungen und die Integration von Automatisierungssystemen f\u00fcr Bearbeitung und Logistik von Comau: Optimieren Sie Ihr Unternehmen!\",\"breadcrumb\":{\"@id\":\"https:\/\/www.comau.com\/de\/competencies\/products-solutions\/machining-system-products\/turnkey-systems\/#breadcrumb\"},\"inLanguage\":\"de\",\"potentialAction\":[{\"@type\":\"ReadAction\",\"target\":[\"https:\/\/www.comau.com\/de\/competencies\/products-solutions\/machining-system-products\/turnkey-systems\/\"]}]},{\"@type\":\"ImageObject\",\"inLanguage\":\"de\",\"@id\":\"https:\/\/www.comau.com\/de\/competencies\/products-solutions\/machining-system-products\/turnkey-systems\/#primaryimage\",\"url\":\"https:\/\/www.comau.com\/wp-content\/uploads\/2021\/06\/Canvas-interni-robot.jpg\",\"contentUrl\":\"https:\/\/www.comau.com\/wp-content\/uploads\/2021\/06\/Canvas-interni-robot.jpg\",\"width\":1280,\"height\":485},{\"@type\":\"BreadcrumbList\",\"@id\":\"https:\/\/www.comau.com\/de\/competencies\/products-solutions\/machining-system-products\/turnkey-systems\/#breadcrumb\",\"itemListElement\":[{\"@type\":\"ListItem\",\"position\":1,\"name\":\"Home\",\"item\":\"https:\/\/www.comau.com\/de\/\"},{\"@type\":\"ListItem\",\"position\":2,\"name\":\"Unsere Kompetenzen\",\"item\":\"https:\/\/www.comau.com\/de\/competencies\/\"},{\"@type\":\"ListItem\",\"position\":3,\"name\":\"Powertrain &#038; Machining\",\"item\":\"https:\/\/www.comau.com\/de\/competencies\/powertrain-machining\/\"},{\"@type\":\"ListItem\",\"position\":4,\"name\":\"Machining System &amp; Products\",\"item\":\"https:\/\/www.comau.com\/de\/competencies\/powertrain-machining\/machining-system-products\/\"},{\"@type\":\"ListItem\",\"position\":5,\"name\":\"Schl\u00fcsselfertige Anlagen\"}]},{\"@type\":\"WebSite\",\"@id\":\"https:\/\/www.comau.com\/de\/#website\",\"url\":\"https:\/\/www.comau.com\/de\/\",\"name\":\"Comau\",\"description\":\"Industrial automation and robotics\",\"publisher\":{\"@id\":\"https:\/\/www.comau.com\/de\/#organization\"},\"potentialAction\":[{\"@type\":\"SearchAction\",\"target\":{\"@type\":\"EntryPoint\",\"urlTemplate\":\"https:\/\/www.comau.com\/de\/?s={search_term_string}\"},\"query-input\":{\"@type\":\"PropertyValueSpecification\",\"valueRequired\":true,\"valueName\":\"search_term_string\"}}],\"inLanguage\":\"de\"},{\"@type\":\"Organization\",\"@id\":\"https:\/\/www.comau.com\/de\/#organization\",\"name\":\"Comau\",\"url\":\"https:\/\/www.comau.com\/de\/\",\"logo\":{\"@type\":\"ImageObject\",\"inLanguage\":\"de\",\"@id\":\"https:\/\/www.comau.com\/de\/#\/schema\/logo\/image\/\",\"url\":\"https:\/\/www.comau.com\/wp-content\/uploads\/2024\/07\/cropped-Logo-COMAU.png\",\"contentUrl\":\"https:\/\/www.comau.com\/wp-content\/uploads\/2024\/07\/cropped-Logo-COMAU.png\",\"width\":434,\"height\":434,\"caption\":\"Comau\"},\"image\":{\"@id\":\"https:\/\/www.comau.com\/de\/#\/schema\/logo\/image\/\"},\"sameAs\":[\"https:\/\/www.facebook.com\/COMAU\/\",\"https:\/\/x.com\/comaugroup\",\"https:\/\/www.instagram.com\/comaugroup\/\",\"https:\/\/www.linkedin.com\/company\/comau\",\"https:\/\/www.youtube.com\/user\/comau\"]}]}<\/script>\n<!-- \/ Yoast SEO plugin. -->","yoast_head_json":{"title":"Integration von Bearbeitungs- und Logistiksystemen | Comau","description":"Entdecken Sie die L\u00f6sungen und die Integration von Automatisierungssystemen f\u00fcr Bearbeitung und Logistik von Comau: Optimieren Sie Ihr Unternehmen!","robots":{"index":"index","follow":"follow","max-snippet":"max-snippet:-1","max-image-preview":"max-image-preview:large","max-video-preview":"max-video-preview:-1"},"canonical":"https:\/\/www.comau.com\/de\/competencies\/products-solutions\/machining-system-products\/turnkey-systems\/","og_locale":"de_DE","og_type":"article","og_title":"Integration von Bearbeitungs- und Logistiksystemen | Comau","og_description":"Entdecken Sie die L\u00f6sungen und die Integration von Automatisierungssystemen f\u00fcr Bearbeitung und Logistik von Comau: Optimieren Sie Ihr Unternehmen!","og_url":"https:\/\/www.comau.com\/de\/competencies\/products-solutions\/machining-system-products\/turnkey-systems\/","og_site_name":"Comau","article_publisher":"https:\/\/www.facebook.com\/COMAU\/","article_modified_time":"2022-02-03T14:10:16+00:00","og_image":[{"width":1280,"height":485,"url":"https:\/\/www.comau.com\/wp-content\/uploads\/2021\/06\/Canvas-interni-robot.jpg","type":"image\/jpeg"}],"twitter_card":"summary_large_image","twitter_site":"@comaugroup","twitter_misc":{"Gesch\u00e4tzte Lesezeit":"3\u00a0Minuten"},"schema":{"@context":"https:\/\/schema.org","@graph":[{"@type":"WebPage","@id":"https:\/\/www.comau.com\/de\/competencies\/products-solutions\/machining-system-products\/turnkey-systems\/","url":"https:\/\/www.comau.com\/de\/competencies\/products-solutions\/machining-system-products\/turnkey-systems\/","name":"Integration von Bearbeitungs- und Logistiksystemen | Comau","isPartOf":{"@id":"https:\/\/www.comau.com\/de\/#website"},"primaryImageOfPage":{"@id":"https:\/\/www.comau.com\/de\/competencies\/products-solutions\/machining-system-products\/turnkey-systems\/#primaryimage"},"image":{"@id":"https:\/\/www.comau.com\/de\/competencies\/products-solutions\/machining-system-products\/turnkey-systems\/#primaryimage"},"thumbnailUrl":"https:\/\/www.comau.com\/wp-content\/uploads\/2021\/06\/Canvas-interni-robot.jpg","datePublished":"2021-06-08T09:29:42+00:00","dateModified":"2022-02-03T14:10:16+00:00","description":"Entdecken Sie die L\u00f6sungen und die Integration von Automatisierungssystemen f\u00fcr Bearbeitung und Logistik von Comau: Optimieren Sie Ihr Unternehmen!","breadcrumb":{"@id":"https:\/\/www.comau.com\/de\/competencies\/products-solutions\/machining-system-products\/turnkey-systems\/#breadcrumb"},"inLanguage":"de","potentialAction":[{"@type":"ReadAction","target":["https:\/\/www.comau.com\/de\/competencies\/products-solutions\/machining-system-products\/turnkey-systems\/"]}]},{"@type":"ImageObject","inLanguage":"de","@id":"https:\/\/www.comau.com\/de\/competencies\/products-solutions\/machining-system-products\/turnkey-systems\/#primaryimage","url":"https:\/\/www.comau.com\/wp-content\/uploads\/2021\/06\/Canvas-interni-robot.jpg","contentUrl":"https:\/\/www.comau.com\/wp-content\/uploads\/2021\/06\/Canvas-interni-robot.jpg","width":1280,"height":485},{"@type":"BreadcrumbList","@id":"https:\/\/www.comau.com\/de\/competencies\/products-solutions\/machining-system-products\/turnkey-systems\/#breadcrumb","itemListElement":[{"@type":"ListItem","position":1,"name":"Home","item":"https:\/\/www.comau.com\/de\/"},{"@type":"ListItem","position":2,"name":"Unsere Kompetenzen","item":"https:\/\/www.comau.com\/de\/competencies\/"},{"@type":"ListItem","position":3,"name":"Powertrain &#038; Machining","item":"https:\/\/www.comau.com\/de\/competencies\/powertrain-machining\/"},{"@type":"ListItem","position":4,"name":"Machining System &amp; Products","item":"https:\/\/www.comau.com\/de\/competencies\/powertrain-machining\/machining-system-products\/"},{"@type":"ListItem","position":5,"name":"Schl\u00fcsselfertige Anlagen"}]},{"@type":"WebSite","@id":"https:\/\/www.comau.com\/de\/#website","url":"https:\/\/www.comau.com\/de\/","name":"Comau","description":"Industrial automation and robotics","publisher":{"@id":"https:\/\/www.comau.com\/de\/#organization"},"potentialAction":[{"@type":"SearchAction","target":{"@type":"EntryPoint","urlTemplate":"https:\/\/www.comau.com\/de\/?s={search_term_string}"},"query-input":{"@type":"PropertyValueSpecification","valueRequired":true,"valueName":"search_term_string"}}],"inLanguage":"de"},{"@type":"Organization","@id":"https:\/\/www.comau.com\/de\/#organization","name":"Comau","url":"https:\/\/www.comau.com\/de\/","logo":{"@type":"ImageObject","inLanguage":"de","@id":"https:\/\/www.comau.com\/de\/#\/schema\/logo\/image\/","url":"https:\/\/www.comau.com\/wp-content\/uploads\/2024\/07\/cropped-Logo-COMAU.png","contentUrl":"https:\/\/www.comau.com\/wp-content\/uploads\/2024\/07\/cropped-Logo-COMAU.png","width":434,"height":434,"caption":"Comau"},"image":{"@id":"https:\/\/www.comau.com\/de\/#\/schema\/logo\/image\/"},"sameAs":["https:\/\/www.facebook.com\/COMAU\/","https:\/\/x.com\/comaugroup","https:\/\/www.instagram.com\/comaugroup\/","https:\/\/www.linkedin.com\/company\/comau","https:\/\/www.youtube.com\/user\/comau"]}]}},"_links":{"self":[{"href":"https:\/\/www.comau.com\/de\/wp-json\/wp\/v2\/pages\/23055","targetHints":{"allow":["GET"]}}],"collection":[{"href":"https:\/\/www.comau.com\/de\/wp-json\/wp\/v2\/pages"}],"about":[{"href":"https:\/\/www.comau.com\/de\/wp-json\/wp\/v2\/types\/page"}],"author":[{"embeddable":true,"href":"https:\/\/www.comau.com\/de\/wp-json\/wp\/v2\/users\/11"}],"replies":[{"embeddable":true,"href":"https:\/\/www.comau.com\/de\/wp-json\/wp\/v2\/comments?post=23055"}],"version-history":[{"count":63,"href":"https:\/\/www.comau.com\/de\/wp-json\/wp\/v2\/pages\/23055\/revisions"}],"predecessor-version":[{"id":41725,"href":"https:\/\/www.comau.com\/de\/wp-json\/wp\/v2\/pages\/23055\/revisions\/41725"}],"up":[{"embeddable":true,"href":"https:\/\/www.comau.com\/de\/wp-json\/wp\/v2\/pages\/5836"}],"wp:featuredmedia":[{"embeddable":true,"href":"https:\/\/www.comau.com\/de\/wp-json\/wp\/v2\/media\/5889"}],"wp:attachment":[{"href":"https:\/\/www.comau.com\/de\/wp-json\/wp\/v2\/media?parent=23055"}],"curies":[{"name":"wp","href":"https:\/\/api.w.org\/{rel}","templated":true}]}}