{"id":22295,"date":"2021-06-08T14:51:32","date_gmt":"2021-06-08T12:51:32","guid":{"rendered":"https:\/\/www.comau.com\/?page_id=22295"},"modified":"2021-07-14T23:42:17","modified_gmt":"2021-07-14T21:42:17","slug":"teach-pendant","status":"publish","type":"page","link":"https:\/\/www.comau.com\/de\/competencies\/products-solutions\/controls-auxiliary-equipment\/teach-pendant\/","title":{"rendered":"Teach pendant"},"content":{"rendered":"\n<p>Verbesserte Ergonomie, Handgelenk schonend, benutzerfreundlich, geringeres Gesamtgewicht, bessere Transportierbarkeit. Sie haben es in der Hand.<\/p>\n\n\n\n<div class=\"wp-block-getwid-images-slider has-arrows-inside has-dots-outside has-images-center has-cropped-images\"><div class=\"wp-block-getwid-images-slider__wrapper\" data-effect=\"slide\" data-slides-show=\"1\" data-slides-show-laptop=\"1\" data-slides-show-tablet=\"1\" data-slides-show-mobile=\"1\" data-slides-scroll=\"1\" data-autoplay=\"true\" data-autoplay-speed=\"6000\" data-infinite=\"true\" data-animation-speed=\"800\" data-center-mode=\"false\" data-variable-width=\"false\" data-arrows=\"inside\" data-dots=\"outside\" data-spacing=\"none\"><div class=\"wp-block-getwid-images-slider__item\"><figure><img decoding=\"async\" width=\"1179\" height=\"401\" src=\"https:\/\/www.comau.com\/wp-content\/uploads\/2021\/06\/TP5_1.jpg\" data-id=\"938\" data-link=\"https:\/\/www.comau.com\/competencies\/robotics-automation\/controls-auxiliary-equipment\/teach-pendant\/tp5_1\/\" data-original-link=\"https:\/\/www.comau.com\/wp-content\/uploads\/2021\/06\/TP5_1.jpg\" class=\"wp-block-getwid-images-slider__image wp-image-9910\" srcset=\"https:\/\/www.comau.com\/wp-content\/uploads\/2021\/06\/TP5_1.jpg 1179w, https:\/\/www.comau.com\/wp-content\/uploads\/2021\/06\/TP5_1-300x102.jpg 300w, https:\/\/www.comau.com\/wp-content\/uploads\/2021\/06\/TP5_1-1024x348.jpg 1024w, https:\/\/www.comau.com\/wp-content\/uploads\/2021\/06\/TP5_1-768x261.jpg 768w\" sizes=\"(max-width: 1179px) 100vw, 1179px\" \/><\/figure><\/div><div class=\"wp-block-getwid-images-slider__item\"><figure><img decoding=\"async\" width=\"1179\" height=\"401\" src=\"https:\/\/www.comau.com\/wp-content\/uploads\/2021\/06\/TP5_2.jpg\" data-id=\"939\" data-link=\"https:\/\/www.comau.com\/competencies\/robotics-automation\/controls-auxiliary-equipment\/teach-pendant\/tp5_2\/\" data-original-link=\"https:\/\/www.comau.com\/wp-content\/uploads\/2021\/06\/TP5_2.jpg\" class=\"wp-block-getwid-images-slider__image wp-image-9915\" srcset=\"https:\/\/www.comau.com\/wp-content\/uploads\/2021\/06\/TP5_2.jpg 1179w, https:\/\/www.comau.com\/wp-content\/uploads\/2021\/06\/TP5_2-300x102.jpg 300w, https:\/\/www.comau.com\/wp-content\/uploads\/2021\/06\/TP5_2-1024x348.jpg 1024w, https:\/\/www.comau.com\/wp-content\/uploads\/2021\/06\/TP5_2-768x261.jpg 768w\" sizes=\"(max-width: 1179px) 100vw, 1179px\" \/><\/figure><\/div><div class=\"wp-block-getwid-images-slider__item\"><figure><img decoding=\"async\" width=\"1179\" height=\"401\" src=\"https:\/\/www.comau.com\/wp-content\/uploads\/2021\/06\/TP5_4.jpg\" data-id=\"940\" data-link=\"https:\/\/www.comau.com\/competencies\/robotics-automation\/controls-auxiliary-equipment\/teach-pendant\/tp5_4\/\" data-original-link=\"https:\/\/www.comau.com\/wp-content\/uploads\/2021\/06\/TP5_4.jpg\" class=\"wp-block-getwid-images-slider__image wp-image-9920\" srcset=\"https:\/\/www.comau.com\/wp-content\/uploads\/2021\/06\/TP5_4.jpg 1179w, https:\/\/www.comau.com\/wp-content\/uploads\/2021\/06\/TP5_4-300x102.jpg 300w, https:\/\/www.comau.com\/wp-content\/uploads\/2021\/06\/TP5_4-1024x348.jpg 1024w, https:\/\/www.comau.com\/wp-content\/uploads\/2021\/06\/TP5_4-768x261.jpg 768w\" sizes=\"(max-width: 1179px) 100vw, 1179px\" \/><\/figure><\/div><div class=\"wp-block-getwid-images-slider__item\"><figure><img decoding=\"async\" width=\"1179\" height=\"401\" src=\"https:\/\/www.comau.com\/wp-content\/uploads\/2021\/06\/TP5_5.jpg\" data-id=\"941\" data-link=\"https:\/\/www.comau.com\/competencies\/robotics-automation\/controls-auxiliary-equipment\/teach-pendant\/tp5_5\/\" data-original-link=\"https:\/\/www.comau.com\/wp-content\/uploads\/2021\/06\/TP5_5.jpg\" class=\"wp-block-getwid-images-slider__image wp-image-9925\" srcset=\"https:\/\/www.comau.com\/wp-content\/uploads\/2021\/06\/TP5_5.jpg 1179w, https:\/\/www.comau.com\/wp-content\/uploads\/2021\/06\/TP5_5-300x102.jpg 300w, https:\/\/www.comau.com\/wp-content\/uploads\/2021\/06\/TP5_5-1024x348.jpg 1024w, https:\/\/www.comau.com\/wp-content\/uploads\/2021\/06\/TP5_5-768x261.jpg 768w\" sizes=\"(max-width: 1179px) 100vw, 1179px\" \/><\/figure><\/div><\/div><\/div>\n\n\n\n<h2 class=\"wp-block-heading\">Geh\u00e4use und Kabel <\/h2>\n\n\n\n<ul class=\"wp-block-list\"><li>Verbesserte Ergonomie dank aufw\u00e4ndiger Konstruktion und Detailgenauigkeit<\/li><li>Aktivierungstasten auf der R\u00fcckseite schonen die Handgelenke und erleichtern die Benutzung des zentralen Tastaturbereichs<\/li><li>Gr\u00f6\u00dfere Bedienerfreundlichkeit und diverse M\u00f6glichkeiten f\u00fcr ein erm\u00fcdungsfreies Arbeiten<\/li><li>Geringes Gewicht und bessere Man\u00f6vrierbarkeit<\/li><li>Praktischer Tragegriff f\u00fcr eine bessere Transportierbarkeit und zum Aufh\u00e4ngen des TP entfernt von der Steuerung<\/li><\/ul>\n\n\n\n<h2 class=\"wp-block-heading\">Bedienung<\/h2>\n\n\n\n<ul class=\"wp-block-list\"><li>Dank \u201enat\u00fcrlicher Evolution\u201d von fr\u00fcheren Versionen wird sich der Bediener rasch mit dem Ger\u00e4t vertraut f\u00fchlen<\/li><li>Vollst\u00e4ndige Kompatibilit\u00e4t mit vorhandenen, kundenseitig f\u00fcr die C5G-Plattform entwickelten Anwendungen<\/li><\/ul>\n\n\n\n<h2 class=\"wp-block-heading\">Hardware- und Softwarearchitektur<\/h2>\n\n\n\n<ul class=\"wp-block-list\"><li>Noch intuitivere Benutzung dank verbesserter Grafik<\/li><li>Schnellerer USB-Port<\/li><\/ul>\n\n\n\n<h2 class=\"wp-block-heading\">Anzeige und Tastatur<\/h2>\n\n\n\n<ul class=\"wp-block-list\"><li>Vereinfachte und schnellere Interaktion dank gro\u00dfem 7-Zoll-Touchscreen<\/li><li>Optimierte Bedienung (auch bei Verwendung nur einer Tastatur) f\u00fcr den erweiterten Einsatz in schwierigen Produktionsumgebungen<\/li><li>Vereinfachte Programmierung dank einem optimiertem Design mit leicht lokalisierbaren und ertastbaren Membrantasten<\/li><li>Verbesserte R\u00fcckmeldung bei Tastenbet\u00e4tigung<\/li><\/ul>\n","protected":false},"excerpt":{"rendered":"<p>Verbesserte Ergonomie, Handgelenk schonend, benutzerfreundlich, geringeres Gesamtgewicht, bessere Transportierbarkeit. Sie haben es in der Hand. Geh\u00e4use und Kabel Verbesserte Ergonomie dank aufw\u00e4ndiger Konstruktion und Detailgenauigkeit Aktivierungstasten auf der R\u00fcckseite schonen die Handgelenke und erleichtern die Benutzung des zentralen Tastaturbereichs Gr\u00f6\u00dfere Bedienerfreundlichkeit und diverse M\u00f6glichkeiten f\u00fcr ein erm\u00fcdungsfreies Arbeiten Geringes Gewicht und bessere Man\u00f6vrierbarkeit Praktischer Tragegriff [&hellip;]<\/p>\n","protected":false},"author":11,"featured_media":6016,"parent":5977,"menu_order":4,"comment_status":"closed","ping_status":"closed","template":"","meta":{"_acf_changed":false,"ep_exclude_from_search":false,"footnotes":""},"class_list":["post-22295","page","type-page","status-publish","has-post-thumbnail","hentry"],"acf":[],"yoast_head":"<!-- This site is optimized with the Yoast SEO plugin v26.9 - https:\/\/yoast.com\/product\/yoast-seo-wordpress\/ -->\n<title>Teach pendant - Comau<\/title>\n<meta name=\"robots\" content=\"index, follow, max-snippet:-1, max-image-preview:large, max-video-preview:-1\" \/>\n<link rel=\"canonical\" href=\"https:\/\/www.comau.com\/de\/competencies\/products-solutions\/controls-auxiliary-equipment\/teach-pendant\/\" \/>\n<meta property=\"og:locale\" content=\"de_DE\" \/>\n<meta property=\"og:type\" content=\"article\" \/>\n<meta property=\"og:title\" content=\"Teach pendant - Comau\" \/>\n<meta property=\"og:description\" content=\"Verbesserte Ergonomie, Handgelenk schonend, benutzerfreundlich, geringeres Gesamtgewicht, bessere Transportierbarkeit. Sie haben es in der Hand. Geh\u00e4use und Kabel Verbesserte Ergonomie dank aufw\u00e4ndiger Konstruktion und Detailgenauigkeit Aktivierungstasten auf der R\u00fcckseite schonen die Handgelenke und erleichtern die Benutzung des zentralen Tastaturbereichs Gr\u00f6\u00dfere Bedienerfreundlichkeit und diverse M\u00f6glichkeiten f\u00fcr ein erm\u00fcdungsfreies Arbeiten Geringes Gewicht und bessere Man\u00f6vrierbarkeit Praktischer Tragegriff [&hellip;]\" \/>\n<meta property=\"og:url\" content=\"https:\/\/www.comau.com\/de\/competencies\/products-solutions\/controls-auxiliary-equipment\/teach-pendant\/\" \/>\n<meta property=\"og:site_name\" content=\"Comau\" \/>\n<meta property=\"article:publisher\" content=\"https:\/\/www.facebook.com\/COMAU\/\" \/>\n<meta property=\"article:modified_time\" content=\"2021-07-14T21:42:17+00:00\" \/>\n<meta property=\"og:image\" content=\"https:\/\/www.comau.com\/wp-content\/uploads\/2021\/06\/tech-pendant_header.jpg\" \/>\n\t<meta property=\"og:image:width\" content=\"1280\" \/>\n\t<meta property=\"og:image:height\" content=\"485\" \/>\n\t<meta property=\"og:image:type\" content=\"image\/jpeg\" \/>\n<meta name=\"twitter:card\" content=\"summary_large_image\" \/>\n<meta name=\"twitter:site\" content=\"@comaugroup\" \/>\n<meta name=\"twitter:label1\" content=\"Gesch\u00e4tzte Lesezeit\" \/>\n\t<meta name=\"twitter:data1\" content=\"2\u00a0Minuten\" \/>\n<script type=\"application\/ld+json\" class=\"yoast-schema-graph\">{\"@context\":\"https:\/\/schema.org\",\"@graph\":[{\"@type\":\"WebPage\",\"@id\":\"https:\/\/www.comau.com\/de\/competencies\/products-solutions\/controls-auxiliary-equipment\/teach-pendant\/\",\"url\":\"https:\/\/www.comau.com\/de\/competencies\/products-solutions\/controls-auxiliary-equipment\/teach-pendant\/\",\"name\":\"Teach pendant - Comau\",\"isPartOf\":{\"@id\":\"https:\/\/www.comau.com\/de\/#website\"},\"primaryImageOfPage\":{\"@id\":\"https:\/\/www.comau.com\/de\/competencies\/products-solutions\/controls-auxiliary-equipment\/teach-pendant\/#primaryimage\"},\"image\":{\"@id\":\"https:\/\/www.comau.com\/de\/competencies\/products-solutions\/controls-auxiliary-equipment\/teach-pendant\/#primaryimage\"},\"thumbnailUrl\":\"https:\/\/www.comau.com\/wp-content\/uploads\/2021\/06\/tech-pendant_header.jpg\",\"datePublished\":\"2021-06-08T12:51:32+00:00\",\"dateModified\":\"2021-07-14T21:42:17+00:00\",\"breadcrumb\":{\"@id\":\"https:\/\/www.comau.com\/de\/competencies\/products-solutions\/controls-auxiliary-equipment\/teach-pendant\/#breadcrumb\"},\"inLanguage\":\"de\",\"potentialAction\":[{\"@type\":\"ReadAction\",\"target\":[\"https:\/\/www.comau.com\/de\/competencies\/products-solutions\/controls-auxiliary-equipment\/teach-pendant\/\"]}]},{\"@type\":\"ImageObject\",\"inLanguage\":\"de\",\"@id\":\"https:\/\/www.comau.com\/de\/competencies\/products-solutions\/controls-auxiliary-equipment\/teach-pendant\/#primaryimage\",\"url\":\"https:\/\/www.comau.com\/wp-content\/uploads\/2021\/06\/tech-pendant_header.jpg\",\"contentUrl\":\"https:\/\/www.comau.com\/wp-content\/uploads\/2021\/06\/tech-pendant_header.jpg\",\"width\":1280,\"height\":485},{\"@type\":\"BreadcrumbList\",\"@id\":\"https:\/\/www.comau.com\/de\/competencies\/products-solutions\/controls-auxiliary-equipment\/teach-pendant\/#breadcrumb\",\"itemListElement\":[{\"@type\":\"ListItem\",\"position\":1,\"name\":\"Home\",\"item\":\"https:\/\/www.comau.com\/de\/\"},{\"@type\":\"ListItem\",\"position\":2,\"name\":\"Unsere Kompetenzen\",\"item\":\"https:\/\/www.comau.com\/de\/competencies\/\"},{\"@type\":\"ListItem\",\"position\":3,\"name\":\"Robotics &amp; Automation\",\"item\":\"https:\/\/www.comau.com\/de\/competencies\/robotics-automation\/\"},{\"@type\":\"ListItem\",\"position\":4,\"name\":\"Steuerung und Zusatzausr\u00fcstung\",\"item\":\"https:\/\/www.comau.com\/de\/competencies\/robotics-automation\/controls-auxiliary-equipment\/\"},{\"@type\":\"ListItem\",\"position\":5,\"name\":\"Teach pendant\"}]},{\"@type\":\"WebSite\",\"@id\":\"https:\/\/www.comau.com\/de\/#website\",\"url\":\"https:\/\/www.comau.com\/de\/\",\"name\":\"Comau\",\"description\":\"Industrial automation and robotics\",\"publisher\":{\"@id\":\"https:\/\/www.comau.com\/de\/#organization\"},\"potentialAction\":[{\"@type\":\"SearchAction\",\"target\":{\"@type\":\"EntryPoint\",\"urlTemplate\":\"https:\/\/www.comau.com\/de\/?s={search_term_string}\"},\"query-input\":{\"@type\":\"PropertyValueSpecification\",\"valueRequired\":true,\"valueName\":\"search_term_string\"}}],\"inLanguage\":\"de\"},{\"@type\":\"Organization\",\"@id\":\"https:\/\/www.comau.com\/de\/#organization\",\"name\":\"Comau\",\"url\":\"https:\/\/www.comau.com\/de\/\",\"logo\":{\"@type\":\"ImageObject\",\"inLanguage\":\"de\",\"@id\":\"https:\/\/www.comau.com\/de\/#\/schema\/logo\/image\/\",\"url\":\"https:\/\/www.comau.com\/wp-content\/uploads\/2024\/07\/cropped-Logo-COMAU.png\",\"contentUrl\":\"https:\/\/www.comau.com\/wp-content\/uploads\/2024\/07\/cropped-Logo-COMAU.png\",\"width\":434,\"height\":434,\"caption\":\"Comau\"},\"image\":{\"@id\":\"https:\/\/www.comau.com\/de\/#\/schema\/logo\/image\/\"},\"sameAs\":[\"https:\/\/www.facebook.com\/COMAU\/\",\"https:\/\/x.com\/comaugroup\",\"https:\/\/www.instagram.com\/comaugroup\/\",\"https:\/\/www.linkedin.com\/company\/comau\",\"https:\/\/www.youtube.com\/user\/comau\"]}]}<\/script>\n<!-- \/ Yoast SEO plugin. -->","yoast_head_json":{"title":"Teach pendant - Comau","robots":{"index":"index","follow":"follow","max-snippet":"max-snippet:-1","max-image-preview":"max-image-preview:large","max-video-preview":"max-video-preview:-1"},"canonical":"https:\/\/www.comau.com\/de\/competencies\/products-solutions\/controls-auxiliary-equipment\/teach-pendant\/","og_locale":"de_DE","og_type":"article","og_title":"Teach pendant - Comau","og_description":"Verbesserte Ergonomie, Handgelenk schonend, benutzerfreundlich, geringeres Gesamtgewicht, bessere Transportierbarkeit. Sie haben es in der Hand. Geh\u00e4use und Kabel Verbesserte Ergonomie dank aufw\u00e4ndiger Konstruktion und Detailgenauigkeit Aktivierungstasten auf der R\u00fcckseite schonen die Handgelenke und erleichtern die Benutzung des zentralen Tastaturbereichs Gr\u00f6\u00dfere Bedienerfreundlichkeit und diverse M\u00f6glichkeiten f\u00fcr ein erm\u00fcdungsfreies Arbeiten Geringes Gewicht und bessere Man\u00f6vrierbarkeit Praktischer Tragegriff [&hellip;]","og_url":"https:\/\/www.comau.com\/de\/competencies\/products-solutions\/controls-auxiliary-equipment\/teach-pendant\/","og_site_name":"Comau","article_publisher":"https:\/\/www.facebook.com\/COMAU\/","article_modified_time":"2021-07-14T21:42:17+00:00","og_image":[{"width":1280,"height":485,"url":"https:\/\/www.comau.com\/wp-content\/uploads\/2021\/06\/tech-pendant_header.jpg","type":"image\/jpeg"}],"twitter_card":"summary_large_image","twitter_site":"@comaugroup","twitter_misc":{"Gesch\u00e4tzte Lesezeit":"2\u00a0Minuten"},"schema":{"@context":"https:\/\/schema.org","@graph":[{"@type":"WebPage","@id":"https:\/\/www.comau.com\/de\/competencies\/products-solutions\/controls-auxiliary-equipment\/teach-pendant\/","url":"https:\/\/www.comau.com\/de\/competencies\/products-solutions\/controls-auxiliary-equipment\/teach-pendant\/","name":"Teach pendant - Comau","isPartOf":{"@id":"https:\/\/www.comau.com\/de\/#website"},"primaryImageOfPage":{"@id":"https:\/\/www.comau.com\/de\/competencies\/products-solutions\/controls-auxiliary-equipment\/teach-pendant\/#primaryimage"},"image":{"@id":"https:\/\/www.comau.com\/de\/competencies\/products-solutions\/controls-auxiliary-equipment\/teach-pendant\/#primaryimage"},"thumbnailUrl":"https:\/\/www.comau.com\/wp-content\/uploads\/2021\/06\/tech-pendant_header.jpg","datePublished":"2021-06-08T12:51:32+00:00","dateModified":"2021-07-14T21:42:17+00:00","breadcrumb":{"@id":"https:\/\/www.comau.com\/de\/competencies\/products-solutions\/controls-auxiliary-equipment\/teach-pendant\/#breadcrumb"},"inLanguage":"de","potentialAction":[{"@type":"ReadAction","target":["https:\/\/www.comau.com\/de\/competencies\/products-solutions\/controls-auxiliary-equipment\/teach-pendant\/"]}]},{"@type":"ImageObject","inLanguage":"de","@id":"https:\/\/www.comau.com\/de\/competencies\/products-solutions\/controls-auxiliary-equipment\/teach-pendant\/#primaryimage","url":"https:\/\/www.comau.com\/wp-content\/uploads\/2021\/06\/tech-pendant_header.jpg","contentUrl":"https:\/\/www.comau.com\/wp-content\/uploads\/2021\/06\/tech-pendant_header.jpg","width":1280,"height":485},{"@type":"BreadcrumbList","@id":"https:\/\/www.comau.com\/de\/competencies\/products-solutions\/controls-auxiliary-equipment\/teach-pendant\/#breadcrumb","itemListElement":[{"@type":"ListItem","position":1,"name":"Home","item":"https:\/\/www.comau.com\/de\/"},{"@type":"ListItem","position":2,"name":"Unsere Kompetenzen","item":"https:\/\/www.comau.com\/de\/competencies\/"},{"@type":"ListItem","position":3,"name":"Robotics &amp; Automation","item":"https:\/\/www.comau.com\/de\/competencies\/robotics-automation\/"},{"@type":"ListItem","position":4,"name":"Steuerung und Zusatzausr\u00fcstung","item":"https:\/\/www.comau.com\/de\/competencies\/robotics-automation\/controls-auxiliary-equipment\/"},{"@type":"ListItem","position":5,"name":"Teach pendant"}]},{"@type":"WebSite","@id":"https:\/\/www.comau.com\/de\/#website","url":"https:\/\/www.comau.com\/de\/","name":"Comau","description":"Industrial automation and robotics","publisher":{"@id":"https:\/\/www.comau.com\/de\/#organization"},"potentialAction":[{"@type":"SearchAction","target":{"@type":"EntryPoint","urlTemplate":"https:\/\/www.comau.com\/de\/?s={search_term_string}"},"query-input":{"@type":"PropertyValueSpecification","valueRequired":true,"valueName":"search_term_string"}}],"inLanguage":"de"},{"@type":"Organization","@id":"https:\/\/www.comau.com\/de\/#organization","name":"Comau","url":"https:\/\/www.comau.com\/de\/","logo":{"@type":"ImageObject","inLanguage":"de","@id":"https:\/\/www.comau.com\/de\/#\/schema\/logo\/image\/","url":"https:\/\/www.comau.com\/wp-content\/uploads\/2024\/07\/cropped-Logo-COMAU.png","contentUrl":"https:\/\/www.comau.com\/wp-content\/uploads\/2024\/07\/cropped-Logo-COMAU.png","width":434,"height":434,"caption":"Comau"},"image":{"@id":"https:\/\/www.comau.com\/de\/#\/schema\/logo\/image\/"},"sameAs":["https:\/\/www.facebook.com\/COMAU\/","https:\/\/x.com\/comaugroup","https:\/\/www.instagram.com\/comaugroup\/","https:\/\/www.linkedin.com\/company\/comau","https:\/\/www.youtube.com\/user\/comau"]}]}},"_links":{"self":[{"href":"https:\/\/www.comau.com\/de\/wp-json\/wp\/v2\/pages\/22295","targetHints":{"allow":["GET"]}}],"collection":[{"href":"https:\/\/www.comau.com\/de\/wp-json\/wp\/v2\/pages"}],"about":[{"href":"https:\/\/www.comau.com\/de\/wp-json\/wp\/v2\/types\/page"}],"author":[{"embeddable":true,"href":"https:\/\/www.comau.com\/de\/wp-json\/wp\/v2\/users\/11"}],"replies":[{"embeddable":true,"href":"https:\/\/www.comau.com\/de\/wp-json\/wp\/v2\/comments?post=22295"}],"version-history":[{"count":22,"href":"https:\/\/www.comau.com\/de\/wp-json\/wp\/v2\/pages\/22295\/revisions"}],"predecessor-version":[{"id":22749,"href":"https:\/\/www.comau.com\/de\/wp-json\/wp\/v2\/pages\/22295\/revisions\/22749"}],"up":[{"embeddable":true,"href":"https:\/\/www.comau.com\/de\/wp-json\/wp\/v2\/pages\/5977"}],"wp:featuredmedia":[{"embeddable":true,"href":"https:\/\/www.comau.com\/de\/wp-json\/wp\/v2\/media\/6016"}],"wp:attachment":[{"href":"https:\/\/www.comau.com\/de\/wp-json\/wp\/v2\/media?parent=22295"}],"curies":[{"name":"wp","href":"https:\/\/api.w.org\/{rel}","templated":true}]}}