{"id":22285,"date":"2021-06-08T18:15:41","date_gmt":"2021-06-08T16:15:41","guid":{"rendered":"https:\/\/www.comau.com\/?page_id=22285"},"modified":"2021-07-22T00:54:21","modified_gmt":"2021-07-21T22:54:21","slug":"r1c","status":"publish","type":"page","link":"https:\/\/www.comau.com\/de\/competencies\/products-solutions\/controls-auxiliary-equipment\/r1c\/","title":{"rendered":"R1C"},"content":{"rendered":"\n<p>R1C ist die neue industrielle Steuereinheit im 19-Zoll-Format, die zur vereinfachten, effizienten und multifunktionalen Verwaltung der kleinsten Comau-Roboter entwickelt wurde.<\/p>\n\n<h2 class=\"wp-block-heading\">R1C-Steuereinheit:<\/h2>\n\n<ul class=\"wp-block-list\"><li>Speziell f\u00fcr die Installation in einem Standard-Rack konzipiert und produziert<\/li><li>230 Vac Versorgungsspannung<\/li><li>Steuert bis zu sechs Achsen; mit b\u00fcrstenlosen Synchronmotoren und hochaufl\u00f6sendem Encoder<\/li><li>Schnittstellen zu den g\u00e4ngigsten Feldbussen und Kommunikationsprotokollen; kann als Ethernet-Netzwerkknoten Aktualisierungs- und Diagnosevorg\u00e4nge erleichtern<\/li><li>Programmierbar via Software und Comau-Programmierhandger\u00e4t<\/li><\/ul>\n\n<h2 class=\"wp-block-heading\">Technische Eigenschaften<\/h2>\n\n<figure class=\"wp-block-table is-style-stripes\"><table class=\"has-fixed-layout\"><tbody><tr><td><strong>H\u00f6he x Breite x Tiefe (Basisversion ohne Optionen)<\/strong><\/td><td>266 x 427 x 498 mm 10.47 x 16.81 x 19.60 in<\/td><\/tr><\/tbody><\/table><figcaption>Abmessungen<\/figcaption><\/figure>\n\n<figure class=\"wp-block-table is-style-stripes\"><table class=\"has-fixed-layout\"><tbody><tr><td><strong>Steuereinheit (Standardversion) Das angegebene Gewicht kann je nach Konfiguration variieren, insbesondere was die Version mit Application Box und Autotransformator betrifft. Siehe stets das Typenschild an der Steuereinheit.<\/strong><\/td><td>23 kg \/ 50 lb without packaging<\/td><\/tr><\/tbody><\/table><figcaption>Gewicht<\/figcaption><\/figure>\n\n<figure class=\"wp-block-table is-style-stripes\"><table class=\"has-fixed-layout\"><tbody><tr><td><strong>Spannungsversorgung (gem\u00e4\u00df Norm EN 60204-1, \u00a7 4.3.3, Spannungsunterbrechung maximal 20 ms)<\/strong><\/td><td>230 Vac \u00b1 10%<\/td><\/tr><tr><td><strong>Frequenz (gem\u00e4\u00df Norm EN 60204-1, \u00a7 4.3.3)<\/strong><\/td><td>50 to 60 Hz (\u00b12 Hz)<\/td><\/tr><tr><td><strong>Hauptschalter-Unterbrechungsleistung<\/strong><\/td><td>16 A to 250 Vac<br\/>Note: the supply disconnecting device is a switch-disconnector<\/td><\/tr><tr><td><strong>Anschlussleistung<\/strong><\/td><td>3 KW<\/td><\/tr><tr><td><strong>Hilfsstromkreisspannung<\/strong><\/td><td>24 Vdc<\/td><\/tr><\/tbody><\/table><figcaption>Versorgungsdaten<\/figcaption><\/figure>\n\n<figure class=\"wp-block-table is-style-stripes\"><table class=\"has-fixed-layout\"><tbody><tr><td><strong>Geh\u00e4useschutz (gem\u00e4\u00df Norm EN 60529)<\/strong><\/td><td>IP 2x<\/td><\/tr><tr><td><strong>Umgebungstemperatur ohne K\u00fchlsysteme; (Testbedingungen gem\u00e4\u00df Norm EN 60068-2-14)<\/strong><\/td><td>from +5 \u00b0C to +45 \u00b0C from +41 \u00b0F to 113 \u00b0F<\/td><\/tr><tr><td><strong>Lagertemperatur (gem\u00e4\u00df Norm EN 60204-1, \u00a7 4.5)<\/strong><\/td><td>from -25 \u00b0C to +55 \u00b0C from -13 \u00b0F to 131 \u00b0F +70 \u00b0C \/ 158 \u00b0F for periods shorter than one hour.<\/td><\/tr><tr><td><strongmaximaler temperaturgradient=\"\"><\/strongmaximaler><\/td><td>1,5 \u00b0C\/minute 2,7 \u00b0F\/minute<\/td><\/tr><tr><td><strong>Relative Feuchte (gem\u00e4\u00df Norm EN 60204-1, \u00a7 4.4.4, Testbedingungen HD 323.2.3. S2)<\/strong><\/td><td>from 5% to 95% without condensate<\/td><\/tr><tr><td><strong>Installationsh\u00f6he (gem\u00e4\u00df Norm EN 60204-1, \u00a7 4.4.5)<\/strong><\/td><td>from 0 to 1.000 m \/ 0 to 3280 ft above sea level<\/td><\/tr><\/tbody><\/table><figcaption>Umgebungsbedingungen<\/figcaption><\/figure>\n\n<figure class=\"wp-block-table is-style-stripes\"><table class=\"has-fixed-layout\"><tbody><tr><td><strong>Insgesamt<\/strong><\/td><td>up to 6 axes<\/td><\/tr><\/tbody><\/table><figcaption>Steuerbare Achsen<\/figcaption><\/figure>\n\n<figure class=\"wp-block-table is-style-stripes\"><table class=\"has-fixed-layout\"><tbody><tr><td><strong>Geh\u00e4use<\/strong><\/td><td>Forced air recirculation (with exhaust fan)<\/td><\/tr><tr><td><strong>Antriebsbefehl<\/strong><\/td><td>Zwangsumw\u00e4lzung<\/td><\/tr><\/tbody><\/table><figcaption>K\u00fchlung<\/figcaption><\/figure>\n\n<figure class=\"wp-block-table is-style-stripes\"><table class=\"has-fixed-layout\"><tbody><tr><td><strong>Sinusschwingungen (gem\u00e4\u00df Norm EN 60068-2-64)<\/strong><\/td><td>Frequenz 10-250 Hz, 0,6 g eff., Achse Z Beschleunigung 0,2 g eff., Achsen X-Y Beschleunigung<\/td><\/tr><\/tbody><\/table><figcaption>Schwingungen und Ersch\u00fctterungen beim Transport<\/figcaption><\/figure>\n\n<figure class=\"wp-block-table is-style-stripes\"><table class=\"has-fixed-layout\"><tbody><tr><td><strong>Installationsposition<\/strong><\/td><td>Inside the RACK cabinet<\/td><\/tr><tr><td><strong>Interne Mindestabmessungen des Geh\u00e4uses (Breite x Tiefe x H\u00f6he)<\/strong><\/td><td>483 x 600 x 265.9 mm 19 x 23.62 x 10.47 in<\/td><\/tr><tr><td><strong>Platzbedarf des Geh\u00e4uses<\/strong><\/td><td>6 Units<\/td><\/tr><tr><td><strong>Erforderlicher H\u00f6henabstand zwischen zwei Steuereinheiten bei gleichzeitiger Installation im selben Schrank<\/strong><\/td><td>Minimum 1 Unit<\/td><\/tr><\/tbody><\/table><figcaption>Installationsanforderungen<\/figcaption><\/figure>\n","protected":false},"excerpt":{"rendered":"<p>R1C ist die neue industrielle Steuereinheit im 19-Zoll-Format, die zur vereinfachten, effizienten und multifunktionalen Verwaltung der kleinsten Comau-Roboter entwickelt wurde. R1C-Steuereinheit: Speziell f\u00fcr die Installation in einem Standard-Rack konzipiert und produziert 230 Vac Versorgungsspannung Steuert bis zu sechs Achsen; mit b\u00fcrstenlosen Synchronmotoren und hochaufl\u00f6sendem Encoder Schnittstellen zu den g\u00e4ngigsten Feldbussen und Kommunikationsprotokollen; kann als Ethernet-Netzwerkknoten [&hellip;]<\/p>\n","protected":false},"author":11,"featured_media":6015,"parent":5977,"menu_order":2,"comment_status":"closed","ping_status":"closed","template":"","meta":{"_acf_changed":false,"ep_exclude_from_search":false,"footnotes":""},"class_list":["post-22285","page","type-page","status-publish","has-post-thumbnail","hentry"],"acf":[],"yoast_head":"<!-- This site is optimized with the Yoast SEO plugin v26.9 - https:\/\/yoast.com\/product\/yoast-seo-wordpress\/ -->\n<title>R1C - Comau<\/title>\n<meta name=\"robots\" content=\"index, follow, max-snippet:-1, max-image-preview:large, max-video-preview:-1\" \/>\n<link rel=\"canonical\" href=\"https:\/\/www.comau.com\/de\/competencies\/products-solutions\/controls-auxiliary-equipment\/r1c\/\" \/>\n<meta property=\"og:locale\" content=\"de_DE\" \/>\n<meta property=\"og:type\" content=\"article\" \/>\n<meta property=\"og:title\" content=\"R1C - Comau\" \/>\n<meta property=\"og:description\" content=\"R1C ist die neue industrielle Steuereinheit im 19-Zoll-Format, die zur vereinfachten, effizienten und multifunktionalen Verwaltung der kleinsten Comau-Roboter entwickelt wurde. R1C-Steuereinheit: Speziell f\u00fcr die Installation in einem Standard-Rack konzipiert und produziert 230 Vac Versorgungsspannung Steuert bis zu sechs Achsen; mit b\u00fcrstenlosen Synchronmotoren und hochaufl\u00f6sendem Encoder Schnittstellen zu den g\u00e4ngigsten Feldbussen und Kommunikationsprotokollen; kann als Ethernet-Netzwerkknoten [&hellip;]\" \/>\n<meta property=\"og:url\" content=\"https:\/\/www.comau.com\/de\/competencies\/products-solutions\/controls-auxiliary-equipment\/r1c\/\" \/>\n<meta property=\"og:site_name\" content=\"Comau\" \/>\n<meta property=\"article:publisher\" content=\"https:\/\/www.facebook.com\/COMAU\/\" \/>\n<meta property=\"article:modified_time\" content=\"2021-07-21T22:54:21+00:00\" \/>\n<meta property=\"og:image\" content=\"https:\/\/www.comau.com\/wp-content\/uploads\/2021\/06\/R1C_header.jpg\" \/>\n\t<meta property=\"og:image:width\" content=\"1280\" \/>\n\t<meta property=\"og:image:height\" content=\"485\" \/>\n\t<meta property=\"og:image:type\" content=\"image\/jpeg\" \/>\n<meta name=\"twitter:card\" content=\"summary_large_image\" \/>\n<meta name=\"twitter:site\" content=\"@comaugroup\" \/>\n<meta name=\"twitter:label1\" content=\"Gesch\u00e4tzte Lesezeit\" \/>\n\t<meta name=\"twitter:data1\" content=\"2\u00a0Minuten\" \/>\n<script type=\"application\/ld+json\" class=\"yoast-schema-graph\">{\"@context\":\"https:\/\/schema.org\",\"@graph\":[{\"@type\":\"WebPage\",\"@id\":\"https:\/\/www.comau.com\/de\/competencies\/products-solutions\/controls-auxiliary-equipment\/r1c\/\",\"url\":\"https:\/\/www.comau.com\/de\/competencies\/products-solutions\/controls-auxiliary-equipment\/r1c\/\",\"name\":\"R1C - Comau\",\"isPartOf\":{\"@id\":\"https:\/\/www.comau.com\/de\/#website\"},\"primaryImageOfPage\":{\"@id\":\"https:\/\/www.comau.com\/de\/competencies\/products-solutions\/controls-auxiliary-equipment\/r1c\/#primaryimage\"},\"image\":{\"@id\":\"https:\/\/www.comau.com\/de\/competencies\/products-solutions\/controls-auxiliary-equipment\/r1c\/#primaryimage\"},\"thumbnailUrl\":\"https:\/\/www.comau.com\/wp-content\/uploads\/2021\/06\/R1C_header.jpg\",\"datePublished\":\"2021-06-08T16:15:41+00:00\",\"dateModified\":\"2021-07-21T22:54:21+00:00\",\"breadcrumb\":{\"@id\":\"https:\/\/www.comau.com\/de\/competencies\/products-solutions\/controls-auxiliary-equipment\/r1c\/#breadcrumb\"},\"inLanguage\":\"de\",\"potentialAction\":[{\"@type\":\"ReadAction\",\"target\":[\"https:\/\/www.comau.com\/de\/competencies\/products-solutions\/controls-auxiliary-equipment\/r1c\/\"]}]},{\"@type\":\"ImageObject\",\"inLanguage\":\"de\",\"@id\":\"https:\/\/www.comau.com\/de\/competencies\/products-solutions\/controls-auxiliary-equipment\/r1c\/#primaryimage\",\"url\":\"https:\/\/www.comau.com\/wp-content\/uploads\/2021\/06\/R1C_header.jpg\",\"contentUrl\":\"https:\/\/www.comau.com\/wp-content\/uploads\/2021\/06\/R1C_header.jpg\",\"width\":1280,\"height\":485},{\"@type\":\"BreadcrumbList\",\"@id\":\"https:\/\/www.comau.com\/de\/competencies\/products-solutions\/controls-auxiliary-equipment\/r1c\/#breadcrumb\",\"itemListElement\":[{\"@type\":\"ListItem\",\"position\":1,\"name\":\"Home\",\"item\":\"https:\/\/www.comau.com\/de\/\"},{\"@type\":\"ListItem\",\"position\":2,\"name\":\"Unsere Kompetenzen\",\"item\":\"https:\/\/www.comau.com\/de\/competencies\/\"},{\"@type\":\"ListItem\",\"position\":3,\"name\":\"Robotics &amp; Automation\",\"item\":\"https:\/\/www.comau.com\/de\/competencies\/robotics-automation\/\"},{\"@type\":\"ListItem\",\"position\":4,\"name\":\"Steuerung und Zusatzausr\u00fcstung\",\"item\":\"https:\/\/www.comau.com\/de\/competencies\/robotics-automation\/controls-auxiliary-equipment\/\"},{\"@type\":\"ListItem\",\"position\":5,\"name\":\"R1C\"}]},{\"@type\":\"WebSite\",\"@id\":\"https:\/\/www.comau.com\/de\/#website\",\"url\":\"https:\/\/www.comau.com\/de\/\",\"name\":\"Comau\",\"description\":\"Industrial automation and robotics\",\"publisher\":{\"@id\":\"https:\/\/www.comau.com\/de\/#organization\"},\"potentialAction\":[{\"@type\":\"SearchAction\",\"target\":{\"@type\":\"EntryPoint\",\"urlTemplate\":\"https:\/\/www.comau.com\/de\/?s={search_term_string}\"},\"query-input\":{\"@type\":\"PropertyValueSpecification\",\"valueRequired\":true,\"valueName\":\"search_term_string\"}}],\"inLanguage\":\"de\"},{\"@type\":\"Organization\",\"@id\":\"https:\/\/www.comau.com\/de\/#organization\",\"name\":\"Comau\",\"url\":\"https:\/\/www.comau.com\/de\/\",\"logo\":{\"@type\":\"ImageObject\",\"inLanguage\":\"de\",\"@id\":\"https:\/\/www.comau.com\/de\/#\/schema\/logo\/image\/\",\"url\":\"https:\/\/www.comau.com\/wp-content\/uploads\/2024\/07\/cropped-Logo-COMAU.png\",\"contentUrl\":\"https:\/\/www.comau.com\/wp-content\/uploads\/2024\/07\/cropped-Logo-COMAU.png\",\"width\":434,\"height\":434,\"caption\":\"Comau\"},\"image\":{\"@id\":\"https:\/\/www.comau.com\/de\/#\/schema\/logo\/image\/\"},\"sameAs\":[\"https:\/\/www.facebook.com\/COMAU\/\",\"https:\/\/x.com\/comaugroup\",\"https:\/\/www.instagram.com\/comaugroup\/\",\"https:\/\/www.linkedin.com\/company\/comau\",\"https:\/\/www.youtube.com\/user\/comau\"]}]}<\/script>\n<!-- \/ Yoast SEO plugin. -->","yoast_head_json":{"title":"R1C - Comau","robots":{"index":"index","follow":"follow","max-snippet":"max-snippet:-1","max-image-preview":"max-image-preview:large","max-video-preview":"max-video-preview:-1"},"canonical":"https:\/\/www.comau.com\/de\/competencies\/products-solutions\/controls-auxiliary-equipment\/r1c\/","og_locale":"de_DE","og_type":"article","og_title":"R1C - Comau","og_description":"R1C ist die neue industrielle Steuereinheit im 19-Zoll-Format, die zur vereinfachten, effizienten und multifunktionalen Verwaltung der kleinsten Comau-Roboter entwickelt wurde. R1C-Steuereinheit: Speziell f\u00fcr die Installation in einem Standard-Rack konzipiert und produziert 230 Vac Versorgungsspannung Steuert bis zu sechs Achsen; mit b\u00fcrstenlosen Synchronmotoren und hochaufl\u00f6sendem Encoder Schnittstellen zu den g\u00e4ngigsten Feldbussen und Kommunikationsprotokollen; kann als Ethernet-Netzwerkknoten [&hellip;]","og_url":"https:\/\/www.comau.com\/de\/competencies\/products-solutions\/controls-auxiliary-equipment\/r1c\/","og_site_name":"Comau","article_publisher":"https:\/\/www.facebook.com\/COMAU\/","article_modified_time":"2021-07-21T22:54:21+00:00","og_image":[{"width":1280,"height":485,"url":"https:\/\/www.comau.com\/wp-content\/uploads\/2021\/06\/R1C_header.jpg","type":"image\/jpeg"}],"twitter_card":"summary_large_image","twitter_site":"@comaugroup","twitter_misc":{"Gesch\u00e4tzte Lesezeit":"2\u00a0Minuten"},"schema":{"@context":"https:\/\/schema.org","@graph":[{"@type":"WebPage","@id":"https:\/\/www.comau.com\/de\/competencies\/products-solutions\/controls-auxiliary-equipment\/r1c\/","url":"https:\/\/www.comau.com\/de\/competencies\/products-solutions\/controls-auxiliary-equipment\/r1c\/","name":"R1C - Comau","isPartOf":{"@id":"https:\/\/www.comau.com\/de\/#website"},"primaryImageOfPage":{"@id":"https:\/\/www.comau.com\/de\/competencies\/products-solutions\/controls-auxiliary-equipment\/r1c\/#primaryimage"},"image":{"@id":"https:\/\/www.comau.com\/de\/competencies\/products-solutions\/controls-auxiliary-equipment\/r1c\/#primaryimage"},"thumbnailUrl":"https:\/\/www.comau.com\/wp-content\/uploads\/2021\/06\/R1C_header.jpg","datePublished":"2021-06-08T16:15:41+00:00","dateModified":"2021-07-21T22:54:21+00:00","breadcrumb":{"@id":"https:\/\/www.comau.com\/de\/competencies\/products-solutions\/controls-auxiliary-equipment\/r1c\/#breadcrumb"},"inLanguage":"de","potentialAction":[{"@type":"ReadAction","target":["https:\/\/www.comau.com\/de\/competencies\/products-solutions\/controls-auxiliary-equipment\/r1c\/"]}]},{"@type":"ImageObject","inLanguage":"de","@id":"https:\/\/www.comau.com\/de\/competencies\/products-solutions\/controls-auxiliary-equipment\/r1c\/#primaryimage","url":"https:\/\/www.comau.com\/wp-content\/uploads\/2021\/06\/R1C_header.jpg","contentUrl":"https:\/\/www.comau.com\/wp-content\/uploads\/2021\/06\/R1C_header.jpg","width":1280,"height":485},{"@type":"BreadcrumbList","@id":"https:\/\/www.comau.com\/de\/competencies\/products-solutions\/controls-auxiliary-equipment\/r1c\/#breadcrumb","itemListElement":[{"@type":"ListItem","position":1,"name":"Home","item":"https:\/\/www.comau.com\/de\/"},{"@type":"ListItem","position":2,"name":"Unsere Kompetenzen","item":"https:\/\/www.comau.com\/de\/competencies\/"},{"@type":"ListItem","position":3,"name":"Robotics &amp; Automation","item":"https:\/\/www.comau.com\/de\/competencies\/robotics-automation\/"},{"@type":"ListItem","position":4,"name":"Steuerung und Zusatzausr\u00fcstung","item":"https:\/\/www.comau.com\/de\/competencies\/robotics-automation\/controls-auxiliary-equipment\/"},{"@type":"ListItem","position":5,"name":"R1C"}]},{"@type":"WebSite","@id":"https:\/\/www.comau.com\/de\/#website","url":"https:\/\/www.comau.com\/de\/","name":"Comau","description":"Industrial automation and robotics","publisher":{"@id":"https:\/\/www.comau.com\/de\/#organization"},"potentialAction":[{"@type":"SearchAction","target":{"@type":"EntryPoint","urlTemplate":"https:\/\/www.comau.com\/de\/?s={search_term_string}"},"query-input":{"@type":"PropertyValueSpecification","valueRequired":true,"valueName":"search_term_string"}}],"inLanguage":"de"},{"@type":"Organization","@id":"https:\/\/www.comau.com\/de\/#organization","name":"Comau","url":"https:\/\/www.comau.com\/de\/","logo":{"@type":"ImageObject","inLanguage":"de","@id":"https:\/\/www.comau.com\/de\/#\/schema\/logo\/image\/","url":"https:\/\/www.comau.com\/wp-content\/uploads\/2024\/07\/cropped-Logo-COMAU.png","contentUrl":"https:\/\/www.comau.com\/wp-content\/uploads\/2024\/07\/cropped-Logo-COMAU.png","width":434,"height":434,"caption":"Comau"},"image":{"@id":"https:\/\/www.comau.com\/de\/#\/schema\/logo\/image\/"},"sameAs":["https:\/\/www.facebook.com\/COMAU\/","https:\/\/x.com\/comaugroup","https:\/\/www.instagram.com\/comaugroup\/","https:\/\/www.linkedin.com\/company\/comau","https:\/\/www.youtube.com\/user\/comau"]}]}},"_links":{"self":[{"href":"https:\/\/www.comau.com\/de\/wp-json\/wp\/v2\/pages\/22285","targetHints":{"allow":["GET"]}}],"collection":[{"href":"https:\/\/www.comau.com\/de\/wp-json\/wp\/v2\/pages"}],"about":[{"href":"https:\/\/www.comau.com\/de\/wp-json\/wp\/v2\/types\/page"}],"author":[{"embeddable":true,"href":"https:\/\/www.comau.com\/de\/wp-json\/wp\/v2\/users\/11"}],"replies":[{"embeddable":true,"href":"https:\/\/www.comau.com\/de\/wp-json\/wp\/v2\/comments?post=22285"}],"version-history":[{"count":40,"href":"https:\/\/www.comau.com\/de\/wp-json\/wp\/v2\/pages\/22285\/revisions"}],"predecessor-version":[{"id":33113,"href":"https:\/\/www.comau.com\/de\/wp-json\/wp\/v2\/pages\/22285\/revisions\/33113"}],"up":[{"embeddable":true,"href":"https:\/\/www.comau.com\/de\/wp-json\/wp\/v2\/pages\/5977"}],"wp:featuredmedia":[{"embeddable":true,"href":"https:\/\/www.comau.com\/de\/wp-json\/wp\/v2\/media\/6015"}],"wp:attachment":[{"href":"https:\/\/www.comau.com\/de\/wp-json\/wp\/v2\/media?parent=22285"}],"curies":[{"name":"wp","href":"https:\/\/api.w.org\/{rel}","templated":true}]}}