{"id":22277,"date":"2021-06-08T18:15:25","date_gmt":"2021-06-08T16:15:25","guid":{"rendered":"https:\/\/www.comau.com\/?page_id=22277"},"modified":"2022-02-03T17:52:04","modified_gmt":"2022-02-03T16:52:04","slug":"c5g","status":"publish","type":"page","link":"https:\/\/www.comau.com\/de\/competencies\/products-solutions\/controls-auxiliary-equipment\/c5g\/","title":{"rendered":"C5G"},"content":{"rendered":"\n<h2 class=\"wp-block-heading\" id=\"alle-ihre-bedurfnisse-erfullt\">Alle Ihre Bed\u00fcrfnisse erf\u00fcllt<\/h2>\n\n\n\n<p>Hohe Rechenleistung, modulares System zur Antriebssteuerung, E\/A und Feldbus, ergonomischer Freiraum zur Integration von Anwendungsfunktionen, kompakte Abmessungen. Alle Ihre Bed\u00fcrfnisse erf\u00fcllt.<\/p>\n\n\n\n<div class=\"wp-block-getwid-images-slider has-arrows-inside has-dots-outside has-images-center has-cropped-images\"><div class=\"wp-block-getwid-images-slider__wrapper\" data-effect=\"slide\" data-slides-show=\"1\" data-slides-show-laptop=\"1\" data-slides-show-tablet=\"1\" data-slides-show-mobile=\"1\" data-slides-scroll=\"1\" data-autoplay=\"true\" data-autoplay-speed=\"6000\" data-infinite=\"true\" data-animation-speed=\"800\" data-center-mode=\"false\" data-variable-width=\"false\" data-arrows=\"inside\" data-dots=\"outside\" data-spacing=\"none\"><div class=\"wp-block-getwid-images-slider__item\"><figure><img decoding=\"async\" width=\"1179\" height=\"401\" src=\"https:\/\/www.comau.com\/wp-content\/uploads\/2021\/06\/CSG5_1.jpg\" data-id=\"922\" data-link=\"https:\/\/www.comau.com\/competencies\/robotics-automation\/controls-auxiliary-equipment\/c5g\/csg5_1\/\" data-original-link=\"https:\/\/www.comau.com\/wp-content\/uploads\/2021\/06\/CSG5_1.jpg\" class=\"wp-block-getwid-images-slider__image wp-image-9900\" srcset=\"https:\/\/www.comau.com\/wp-content\/uploads\/2021\/06\/CSG5_1.jpg 1179w, https:\/\/www.comau.com\/wp-content\/uploads\/2021\/06\/CSG5_1-300x102.jpg 300w, https:\/\/www.comau.com\/wp-content\/uploads\/2021\/06\/CSG5_1-1024x348.jpg 1024w, https:\/\/www.comau.com\/wp-content\/uploads\/2021\/06\/CSG5_1-768x261.jpg 768w\" sizes=\"(max-width: 1179px) 100vw, 1179px\" \/><\/figure><\/div><div class=\"wp-block-getwid-images-slider__item\"><figure><img decoding=\"async\" width=\"1179\" height=\"401\" src=\"https:\/\/www.comau.com\/wp-content\/uploads\/2021\/06\/CSG5_2.jpg\" data-id=\"923\" data-link=\"https:\/\/www.comau.com\/competencies\/robotics-automation\/controls-auxiliary-equipment\/c5g\/csg5_2\/\" data-original-link=\"https:\/\/www.comau.com\/wp-content\/uploads\/2021\/06\/CSG5_2.jpg\" class=\"wp-block-getwid-images-slider__image wp-image-9905\" srcset=\"https:\/\/www.comau.com\/wp-content\/uploads\/2021\/06\/CSG5_2.jpg 1179w, https:\/\/www.comau.com\/wp-content\/uploads\/2021\/06\/CSG5_2-300x102.jpg 300w, https:\/\/www.comau.com\/wp-content\/uploads\/2021\/06\/CSG5_2-1024x348.jpg 1024w, https:\/\/www.comau.com\/wp-content\/uploads\/2021\/06\/CSG5_2-768x261.jpg 768w\" sizes=\"(max-width: 1179px) 100vw, 1179px\" \/><\/figure><\/div><\/div><\/div>\n\n\n\n<h2 class=\"wp-block-heading\" id=\"hohe-verarbeitungsleistung\">Hohe Verarbeitungsleistung<\/h2>\n\n\n\n<p>CG5 nutzt die neueste Generation von APC820-Industrie-PCs mit Core2 Duo-Technologie und bietet dadurch hohe Leistung bei niedrigem Energieverbrauch.<\/p>\n\n\n\n<h2 class=\"wp-block-heading\" id=\"energieeinsparung\">Energieeinsparung<\/h2>\n\n\n\n<ul class=\"wp-block-list\"><li>Minimale Leistungsaufnahme im Bereitschaftsmodus; geringe Leistungsaufnahme im Betrieb<\/li><li>K\u00fchlsystem proportional zum Betrieb der Steuereinheit<\/li><li>Energienetz-Wiederherstellungssystem mit hochdynamischem Programminhalt<\/li><\/ul>\n\n\n\n<h2 class=\"wp-block-heading\" id=\"flexibilitat-und-zuverlassigkeit\">Flexibilit\u00e4t und Zuverl\u00e4ssigkeit<\/h2>\n\n\n\n<p>Diese Feldbusse der neuen Generation basieren auf der Hilscher-Technologie, die von B&amp;R in die Remote I\/O X20-Familie integriert wurde und eine flexible und zuverl\u00e4ssige Schnittstelle f\u00fcr jede kundenspezifische Anwendung gew\u00e4hrleistet. Erh\u00e4ltlich sind modulare Schnittstellen wie Digital-E\/A und Analog-E\/A f\u00fcr unterschiedlichste Positionsgeber, Resolver usw.<\/p>\n\n\n\n<h2 class=\"wp-block-heading\" id=\"robotsafe\">RobotSAFE<\/h2>\n\n\n\n<p>Sichere Robotersteuerungsmodelle erlauben eine sicherheitsbewertete Kontrolle der Roboterbewegung (Gelenk- oder Cartesian-Modus) und -geschwindigkeit mittels Sensoren, was Vorteile wie kleinere Layouts und Wegfall physischer Z\u00e4une bietet. Wir gew\u00e4hrleisten die Sicherheit Ihrer Automatikzelle ohne Einbu\u00dfen bei der Produktivit\u00e4t.<\/p>\n\n\n\n<h2 class=\"wp-block-heading\" id=\"modularitat-erweiterbarkeit\">Modularit\u00e4t \/ Erweiterbarkeit<\/h2>\n\n\n\n<p>Modulares System f\u00fcr Antriebe mit bis zu 13 Achsen im Basisgeh\u00e4use je nach Leistung und Robotermodell.<\/p>\n\n\n\n<h2 class=\"wp-block-heading\" id=\"gleichzeitige-verwaltung-mehrerer-roboter\">Gleichzeitige Verwaltung mehrerer Roboter<\/h2>\n\n\n\n<p>Hardware-Architektur zur Verwaltung von bis zu 16 Achsen in einer \u201eMulti-Arm\u201d-Konfiguration mit Anwendungsbox.<\/p>\n\n\n\n<div class=\"wp-block-columns compact-rows is-layout-flex wp-container-core-columns-is-layout-9d6595d7 wp-block-columns-is-layout-flex\">\n<div class=\"wp-block-column is-layout-flow wp-block-column-is-layout-flow\">\n<h2 class=\"wp-block-heading\" id=\"gehause-und-kabel\">Geh\u00e4use und Kabel <\/h2>\n\n\n\n<ul class=\"wp-block-list\"><li>Hohe Rechenleistung dank Dual-Core-Architektur<\/li><li>Modulares System f\u00fcr Antriebseinheiten sowie E\/A und Feldbus<\/li><li>Ergonomischer Freiraum zur Integration von Anwendungsfunktionen<\/li><li>Energie sparendes System<\/li><li>Auch als abgesicherte Version erh\u00e4ltlich<\/li><li>Auch als Open Controller-Version erh\u00e4ltlich<\/li><\/ul>\n<\/div>\n\n\n\n<div class=\"wp-block-column is-layout-flow wp-block-column-is-layout-flow\">\n<h2 class=\"wp-block-heading\" id=\"wesentliche-technische-daten\">Wesentliche technische Daten<\/h2>\n\n\n\n<ul class=\"wp-block-list\"><li>Abmessungen 800 x 500 x 1100 mm<\/li><li>Betriebstemperatur: 5 bis 45\u00b0C (5 bis 55\u00b0C mit K\u00fchler)<\/li><li>Feuchte: 90 % max., ohne Kondensation<\/li><li>Erweiterter Leistungsbereich: 400-500 V<\/li><\/ul>\n<\/div>\n<\/div>\n\n\n\n<h2 class=\"wp-block-heading\" id=\"technische-eigenschaften\">Technische Eigenschaften<\/h2>\n\n\n\n<figure class=\"wp-block-table is-style-stripes\"><table class=\"has-fixed-layout\"><tbody><tr><td><strong>H\u00f6he x Breite x Tiefe (Basisversion ohne Optionen)<\/strong><\/td><td>1110 x 800 x 510 mm<br>43.31 x 31.50 x 20.08 in<\/td><\/tr><tr><td><strong>H\u00f6he bei Radoption<\/strong><\/td><td>Kein Unterschied<\/td><\/tr><tr><td><strong>H\u00f6he bei abgesetzter Buchse 100 mm<\/strong><\/td><td>+100 mm (+3.94 in)<\/td><\/tr><tr><td><strong>H\u00f6he bei Application Box *3<\/strong><\/td><td>+540 mm (+21.26 in)<\/td><\/tr><tr><td><strong>H\u00f6he bei Klimaoption<\/strong><\/td><td>+340 mm (+13.38 in)<\/td><\/tr><tr><td><strong>H\u00f6he bei Autotransformator-Option<\/strong><\/td><td>+200 mm (+7.87 in)<\/td><\/tr><\/tbody><\/table><figcaption>Abmessungen<\/figcaption><\/figure>\n\n\n\n<figure class=\"wp-block-table is-style-stripes\"><table class=\"has-fixed-layout\"><tbody><tr><td><strong>Steuereinheit (Standardversion) Das angegebene Gewicht kann je nach Konfiguration variieren, insbesondere was die Version mit Application Box und Autotransformator betrifft. Siehe stets das Typenschild an der Steuereinheit.<\/strong><\/td><td>125 kg \/ 275 lb without packaging<\/td><\/tr><tr><td><strong>Klimager\u00e4t (optional)<\/strong><\/td><td>+31 kg \/ 68 lb<\/td><\/tr><tr><td><strong>Autotransformator (optional)<\/strong><\/td><td>+40 kg \/ 88 lb<\/td><\/tr><\/tbody><\/table><figcaption>Gewicht<\/figcaption><\/figure>\n\n\n\n<figure class=\"wp-block-table is-style-stripes\"><table class=\"has-fixed-layout\"><tbody><tr><td><strong>Spannungsversorgung (gem\u00e4\u00df Norm EN 60204-1, \u00a7 4.3.3, Spannungsunterbrechung maximal 20 ms)<\/strong><\/td><td>from 400 Vac -10% to 480 Vac +10%<br>(optional from a 500 Vac -10% to 575 Vac +10%)*1<\/td><\/tr><tr><td><strong>Frequenz (gem\u00e4\u00df Norm EN 60204-1, \u00a7 4.3.3)<\/strong><\/td><td>50 a 60 Hz (\u00b12 Hz)<\/td><\/tr><tr><td><strong>Hauptschalter-Unterbrechungsleistung<\/strong><\/td><td>Hinweis: Bei der nordamerikanischen Steuereinheit ist die Trennvorrichtung ein reiner Trennschutzschalter.<\/td><\/tr><tr><td><strong>Anschlussleistung<\/strong><\/td><td>from 4 to 12 kVA (see Tab. 3.2)<\/td><\/tr><tr><td><strong>Hilfsstromkreisspannung<\/strong><\/td><td>24 Vdc<\/td><\/tr><\/tbody><\/table><figcaption>Versorgungsdaten<\/figcaption><\/figure>\n\n\n\n<figure class=\"wp-block-table is-style-stripes\"><table class=\"has-fixed-layout\"><tbody><tr><td><strong>Geh\u00e4useschutz (ohne hinteres Fach) (gem\u00e4\u00df Norm EN 60529)<\/strong><\/td><td>IP 54 \/ NEMA 12<\/td><\/tr><tr><td><strong>Geh\u00e4useschutz hinteres Fach (gem\u00e4\u00df Norm EN 60529)<\/strong><\/td><td>IP 2x<\/td><\/tr><tr><td><strong>Umgebungstemperatur ohne K\u00fchlsysteme; (Testbedingungen gem\u00e4\u00df Norm EN 60068-2-14)<\/strong><\/td><td>from +5 \u00b0C to +45 \u00b0C *2 <br>from +41 \u00b0F a 113 \u00b0F<\/td><\/tr><tr><td><strong>Umgebungstemperatur ohne K\u00fchlsysteme (Testbedingungen gem\u00e4\u00df Norm EN 60068-2-14)<\/strong><\/td><td>from +5 \u00b0C to +55 \u00b0C *2<br>from +41 \u00b0F a 131 \u00b0F<\/td><\/tr><tr><td><strong>Lagertemperatur (gem\u00e4\u00df Norm EN 60204-1, \u00a7 4.5)<\/strong><\/td><td>from -25 \u00b0C a +55 \u00b0C<br>from -13 \u00b0F a 131 \u00b0F<br>+70 \u00b0C \/ 158 \u00b0F for periods shorter one hour.<\/td><\/tr><tr><td><strongmaximaler temperaturgradient=\"\"><\/strongmaximaler><\/td><td>1,5 \u00b0C\/minute<br>2,7 \u00b0F\/minute<\/td><\/tr><tr><td><strong>Relative Feuchte (gem\u00e4\u00df Norm EN 60204-1, \u00a7 4.4.4, Testbedingungen HD 323.2.3. S2)<\/strong><\/td><td>from 5% to 95% without condensation<\/td><\/tr><tr><td><strong>Installationsh\u00f6he (gem\u00e4\u00df Norm EN 60204-1, \u00a7 4.4.5)<\/strong><\/td><td>from 0 a 1.000 m \/ 0 to 3280 ft above mean sea level<\/td><\/tr><\/tbody><\/table><figcaption>Umgebungsbedingungen<\/figcaption><\/figure>\n\n\n\n<figure class=\"wp-block-table is-style-stripes\"><table class=\"has-fixed-layout\"><tbody><tr><td><strong>Insgesamt<\/strong><\/td><td>up to 16 axes<\/td><\/tr><tr><td><strong>Steuereinheit ohne Erweiterungsgeh\u00e4use<\/strong><\/td><td>up to 11 axes<\/td><\/tr><\/tbody><\/table><figcaption>Achsensteuerung<\/figcaption><\/figure>\n\n\n\n<figure class=\"wp-block-table is-style-stripes\"><table class=\"has-fixed-layout\"><tbody><tr><td><strong>Standardgeh\u00e4usemodell<\/strong><\/td><td>Nat\u00fcrliche Konvektion<\/td><\/tr><tr><td><strong>Geh\u00e4use ohne K\u00fchloptionen<\/strong><\/td><td>Klimager\u00e4t<\/td><\/tr><tr><td><strong>Antriebsbefehl<\/strong><\/td><td>Zwangsumw\u00e4lzung<\/td><\/tr><\/tbody><\/table><figcaption>K\u00fchlung<\/figcaption><\/figure>\n\n\n\n<figure class=\"wp-block-table is-style-stripes\"><table class=\"has-fixed-layout\"><tbody><tr><td><strong>Sinusschwingungen (gem\u00e4\u00df Norm EN 60068-2-64)<\/strong><\/td><td>Frequenz 10-250 Hz, 0,6 g eff., Achse Z Beschleunigung 0,2 g eff., Achsen X-Y Beschleunigung<\/td><\/tr><\/tbody><\/table><figcaption>Schwingungen und Ersch\u00fctterungen<\/figcaption><\/figure>\n","protected":false},"excerpt":{"rendered":"<p>Alle Ihre Bed\u00fcrfnisse erf\u00fcllt Hohe Rechenleistung, modulares System zur Antriebssteuerung, E\/A und Feldbus, ergonomischer Freiraum zur Integration von Anwendungsfunktionen, kompakte Abmessungen. Alle Ihre Bed\u00fcrfnisse erf\u00fcllt. Hohe Verarbeitungsleistung CG5 nutzt die neueste Generation von APC820-Industrie-PCs mit Core2 Duo-Technologie und bietet dadurch hohe Leistung bei niedrigem Energieverbrauch. Energieeinsparung Minimale Leistungsaufnahme im Bereitschaftsmodus; geringe Leistungsaufnahme im Betrieb K\u00fchlsystem [&hellip;]<\/p>\n","protected":false},"author":11,"featured_media":6014,"parent":5977,"menu_order":1,"comment_status":"closed","ping_status":"closed","template":"","meta":{"_acf_changed":false,"ep_exclude_from_search":false,"footnotes":""},"class_list":["post-22277","page","type-page","status-publish","has-post-thumbnail","hentry"],"acf":[],"yoast_head":"<!-- This site is optimized with the Yoast SEO plugin v26.9 - https:\/\/yoast.com\/product\/yoast-seo-wordpress\/ -->\n<title>Robotersteuerung &amp; Control | Comau<\/title>\n<meta name=\"description\" content=\"Hohe Rechenleistung, modulare Systeme zur Antriebssteuerung und Freiraum zur Integration: entdecken Sie unser Steuerger\u00e4t f\u00fcr Roboter und Auomatisiertung.\" \/>\n<meta name=\"robots\" content=\"index, follow, max-snippet:-1, max-image-preview:large, max-video-preview:-1\" \/>\n<link rel=\"canonical\" href=\"https:\/\/www.comau.com\/de\/competencies\/products-solutions\/controls-auxiliary-equipment\/c5g\/\" \/>\n<meta property=\"og:locale\" content=\"de_DE\" \/>\n<meta property=\"og:type\" content=\"article\" \/>\n<meta property=\"og:title\" content=\"Robotersteuerung &amp; Control | Comau\" \/>\n<meta property=\"og:description\" content=\"Hohe Rechenleistung, modulare Systeme zur Antriebssteuerung und Freiraum zur Integration: entdecken Sie unser Steuerger\u00e4t f\u00fcr Roboter und Auomatisiertung.\" \/>\n<meta property=\"og:url\" content=\"https:\/\/www.comau.com\/de\/competencies\/products-solutions\/controls-auxiliary-equipment\/c5g\/\" \/>\n<meta property=\"og:site_name\" content=\"Comau\" \/>\n<meta property=\"article:publisher\" content=\"https:\/\/www.facebook.com\/COMAU\/\" \/>\n<meta property=\"article:modified_time\" content=\"2022-02-03T16:52:04+00:00\" \/>\n<meta property=\"og:image\" content=\"https:\/\/www.comau.com\/wp-content\/uploads\/2021\/06\/controls_header.jpg\" \/>\n\t<meta property=\"og:image:width\" content=\"1280\" \/>\n\t<meta property=\"og:image:height\" content=\"485\" \/>\n\t<meta property=\"og:image:type\" content=\"image\/jpeg\" \/>\n<meta name=\"twitter:card\" content=\"summary_large_image\" \/>\n<meta name=\"twitter:site\" content=\"@comaugroup\" \/>\n<meta name=\"twitter:label1\" content=\"Gesch\u00e4tzte Lesezeit\" \/>\n\t<meta name=\"twitter:data1\" content=\"4\u00a0Minuten\" \/>\n<script type=\"application\/ld+json\" class=\"yoast-schema-graph\">{\"@context\":\"https:\/\/schema.org\",\"@graph\":[{\"@type\":\"WebPage\",\"@id\":\"https:\/\/www.comau.com\/de\/competencies\/products-solutions\/controls-auxiliary-equipment\/c5g\/\",\"url\":\"https:\/\/www.comau.com\/de\/competencies\/products-solutions\/controls-auxiliary-equipment\/c5g\/\",\"name\":\"Robotersteuerung & Control | Comau\",\"isPartOf\":{\"@id\":\"https:\/\/www.comau.com\/de\/#website\"},\"primaryImageOfPage\":{\"@id\":\"https:\/\/www.comau.com\/de\/competencies\/products-solutions\/controls-auxiliary-equipment\/c5g\/#primaryimage\"},\"image\":{\"@id\":\"https:\/\/www.comau.com\/de\/competencies\/products-solutions\/controls-auxiliary-equipment\/c5g\/#primaryimage\"},\"thumbnailUrl\":\"https:\/\/www.comau.com\/wp-content\/uploads\/2021\/06\/controls_header.jpg\",\"datePublished\":\"2021-06-08T16:15:25+00:00\",\"dateModified\":\"2022-02-03T16:52:04+00:00\",\"description\":\"Hohe Rechenleistung, modulare Systeme zur Antriebssteuerung und Freiraum zur Integration: entdecken Sie unser Steuerger\u00e4t f\u00fcr Roboter und Auomatisiertung.\",\"breadcrumb\":{\"@id\":\"https:\/\/www.comau.com\/de\/competencies\/products-solutions\/controls-auxiliary-equipment\/c5g\/#breadcrumb\"},\"inLanguage\":\"de\",\"potentialAction\":[{\"@type\":\"ReadAction\",\"target\":[\"https:\/\/www.comau.com\/de\/competencies\/products-solutions\/controls-auxiliary-equipment\/c5g\/\"]}]},{\"@type\":\"ImageObject\",\"inLanguage\":\"de\",\"@id\":\"https:\/\/www.comau.com\/de\/competencies\/products-solutions\/controls-auxiliary-equipment\/c5g\/#primaryimage\",\"url\":\"https:\/\/www.comau.com\/wp-content\/uploads\/2021\/06\/controls_header.jpg\",\"contentUrl\":\"https:\/\/www.comau.com\/wp-content\/uploads\/2021\/06\/controls_header.jpg\",\"width\":1280,\"height\":485},{\"@type\":\"BreadcrumbList\",\"@id\":\"https:\/\/www.comau.com\/de\/competencies\/products-solutions\/controls-auxiliary-equipment\/c5g\/#breadcrumb\",\"itemListElement\":[{\"@type\":\"ListItem\",\"position\":1,\"name\":\"Home\",\"item\":\"https:\/\/www.comau.com\/de\/\"},{\"@type\":\"ListItem\",\"position\":2,\"name\":\"Unsere Kompetenzen\",\"item\":\"https:\/\/www.comau.com\/de\/competencies\/\"},{\"@type\":\"ListItem\",\"position\":3,\"name\":\"Robotics &amp; Automation\",\"item\":\"https:\/\/www.comau.com\/de\/competencies\/robotics-automation\/\"},{\"@type\":\"ListItem\",\"position\":4,\"name\":\"Steuerung und Zusatzausr\u00fcstung\",\"item\":\"https:\/\/www.comau.com\/de\/competencies\/robotics-automation\/controls-auxiliary-equipment\/\"},{\"@type\":\"ListItem\",\"position\":5,\"name\":\"C5G\"}]},{\"@type\":\"WebSite\",\"@id\":\"https:\/\/www.comau.com\/de\/#website\",\"url\":\"https:\/\/www.comau.com\/de\/\",\"name\":\"Comau\",\"description\":\"Industrial automation and robotics\",\"publisher\":{\"@id\":\"https:\/\/www.comau.com\/de\/#organization\"},\"potentialAction\":[{\"@type\":\"SearchAction\",\"target\":{\"@type\":\"EntryPoint\",\"urlTemplate\":\"https:\/\/www.comau.com\/de\/?s={search_term_string}\"},\"query-input\":{\"@type\":\"PropertyValueSpecification\",\"valueRequired\":true,\"valueName\":\"search_term_string\"}}],\"inLanguage\":\"de\"},{\"@type\":\"Organization\",\"@id\":\"https:\/\/www.comau.com\/de\/#organization\",\"name\":\"Comau\",\"url\":\"https:\/\/www.comau.com\/de\/\",\"logo\":{\"@type\":\"ImageObject\",\"inLanguage\":\"de\",\"@id\":\"https:\/\/www.comau.com\/de\/#\/schema\/logo\/image\/\",\"url\":\"https:\/\/www.comau.com\/wp-content\/uploads\/2024\/07\/cropped-Logo-COMAU.png\",\"contentUrl\":\"https:\/\/www.comau.com\/wp-content\/uploads\/2024\/07\/cropped-Logo-COMAU.png\",\"width\":434,\"height\":434,\"caption\":\"Comau\"},\"image\":{\"@id\":\"https:\/\/www.comau.com\/de\/#\/schema\/logo\/image\/\"},\"sameAs\":[\"https:\/\/www.facebook.com\/COMAU\/\",\"https:\/\/x.com\/comaugroup\",\"https:\/\/www.instagram.com\/comaugroup\/\",\"https:\/\/www.linkedin.com\/company\/comau\",\"https:\/\/www.youtube.com\/user\/comau\"]}]}<\/script>\n<!-- \/ Yoast SEO plugin. -->","yoast_head_json":{"title":"Robotersteuerung & Control | Comau","description":"Hohe Rechenleistung, modulare Systeme zur Antriebssteuerung und Freiraum zur Integration: entdecken Sie unser Steuerger\u00e4t f\u00fcr Roboter und Auomatisiertung.","robots":{"index":"index","follow":"follow","max-snippet":"max-snippet:-1","max-image-preview":"max-image-preview:large","max-video-preview":"max-video-preview:-1"},"canonical":"https:\/\/www.comau.com\/de\/competencies\/products-solutions\/controls-auxiliary-equipment\/c5g\/","og_locale":"de_DE","og_type":"article","og_title":"Robotersteuerung & Control | Comau","og_description":"Hohe Rechenleistung, modulare Systeme zur Antriebssteuerung und Freiraum zur Integration: entdecken Sie unser Steuerger\u00e4t f\u00fcr Roboter und Auomatisiertung.","og_url":"https:\/\/www.comau.com\/de\/competencies\/products-solutions\/controls-auxiliary-equipment\/c5g\/","og_site_name":"Comau","article_publisher":"https:\/\/www.facebook.com\/COMAU\/","article_modified_time":"2022-02-03T16:52:04+00:00","og_image":[{"width":1280,"height":485,"url":"https:\/\/www.comau.com\/wp-content\/uploads\/2021\/06\/controls_header.jpg","type":"image\/jpeg"}],"twitter_card":"summary_large_image","twitter_site":"@comaugroup","twitter_misc":{"Gesch\u00e4tzte Lesezeit":"4\u00a0Minuten"},"schema":{"@context":"https:\/\/schema.org","@graph":[{"@type":"WebPage","@id":"https:\/\/www.comau.com\/de\/competencies\/products-solutions\/controls-auxiliary-equipment\/c5g\/","url":"https:\/\/www.comau.com\/de\/competencies\/products-solutions\/controls-auxiliary-equipment\/c5g\/","name":"Robotersteuerung & Control | Comau","isPartOf":{"@id":"https:\/\/www.comau.com\/de\/#website"},"primaryImageOfPage":{"@id":"https:\/\/www.comau.com\/de\/competencies\/products-solutions\/controls-auxiliary-equipment\/c5g\/#primaryimage"},"image":{"@id":"https:\/\/www.comau.com\/de\/competencies\/products-solutions\/controls-auxiliary-equipment\/c5g\/#primaryimage"},"thumbnailUrl":"https:\/\/www.comau.com\/wp-content\/uploads\/2021\/06\/controls_header.jpg","datePublished":"2021-06-08T16:15:25+00:00","dateModified":"2022-02-03T16:52:04+00:00","description":"Hohe Rechenleistung, modulare Systeme zur Antriebssteuerung und Freiraum zur Integration: entdecken Sie unser Steuerger\u00e4t f\u00fcr Roboter und Auomatisiertung.","breadcrumb":{"@id":"https:\/\/www.comau.com\/de\/competencies\/products-solutions\/controls-auxiliary-equipment\/c5g\/#breadcrumb"},"inLanguage":"de","potentialAction":[{"@type":"ReadAction","target":["https:\/\/www.comau.com\/de\/competencies\/products-solutions\/controls-auxiliary-equipment\/c5g\/"]}]},{"@type":"ImageObject","inLanguage":"de","@id":"https:\/\/www.comau.com\/de\/competencies\/products-solutions\/controls-auxiliary-equipment\/c5g\/#primaryimage","url":"https:\/\/www.comau.com\/wp-content\/uploads\/2021\/06\/controls_header.jpg","contentUrl":"https:\/\/www.comau.com\/wp-content\/uploads\/2021\/06\/controls_header.jpg","width":1280,"height":485},{"@type":"BreadcrumbList","@id":"https:\/\/www.comau.com\/de\/competencies\/products-solutions\/controls-auxiliary-equipment\/c5g\/#breadcrumb","itemListElement":[{"@type":"ListItem","position":1,"name":"Home","item":"https:\/\/www.comau.com\/de\/"},{"@type":"ListItem","position":2,"name":"Unsere Kompetenzen","item":"https:\/\/www.comau.com\/de\/competencies\/"},{"@type":"ListItem","position":3,"name":"Robotics &amp; Automation","item":"https:\/\/www.comau.com\/de\/competencies\/robotics-automation\/"},{"@type":"ListItem","position":4,"name":"Steuerung und Zusatzausr\u00fcstung","item":"https:\/\/www.comau.com\/de\/competencies\/robotics-automation\/controls-auxiliary-equipment\/"},{"@type":"ListItem","position":5,"name":"C5G"}]},{"@type":"WebSite","@id":"https:\/\/www.comau.com\/de\/#website","url":"https:\/\/www.comau.com\/de\/","name":"Comau","description":"Industrial automation and robotics","publisher":{"@id":"https:\/\/www.comau.com\/de\/#organization"},"potentialAction":[{"@type":"SearchAction","target":{"@type":"EntryPoint","urlTemplate":"https:\/\/www.comau.com\/de\/?s={search_term_string}"},"query-input":{"@type":"PropertyValueSpecification","valueRequired":true,"valueName":"search_term_string"}}],"inLanguage":"de"},{"@type":"Organization","@id":"https:\/\/www.comau.com\/de\/#organization","name":"Comau","url":"https:\/\/www.comau.com\/de\/","logo":{"@type":"ImageObject","inLanguage":"de","@id":"https:\/\/www.comau.com\/de\/#\/schema\/logo\/image\/","url":"https:\/\/www.comau.com\/wp-content\/uploads\/2024\/07\/cropped-Logo-COMAU.png","contentUrl":"https:\/\/www.comau.com\/wp-content\/uploads\/2024\/07\/cropped-Logo-COMAU.png","width":434,"height":434,"caption":"Comau"},"image":{"@id":"https:\/\/www.comau.com\/de\/#\/schema\/logo\/image\/"},"sameAs":["https:\/\/www.facebook.com\/COMAU\/","https:\/\/x.com\/comaugroup","https:\/\/www.instagram.com\/comaugroup\/","https:\/\/www.linkedin.com\/company\/comau","https:\/\/www.youtube.com\/user\/comau"]}]}},"_links":{"self":[{"href":"https:\/\/www.comau.com\/de\/wp-json\/wp\/v2\/pages\/22277","targetHints":{"allow":["GET"]}}],"collection":[{"href":"https:\/\/www.comau.com\/de\/wp-json\/wp\/v2\/pages"}],"about":[{"href":"https:\/\/www.comau.com\/de\/wp-json\/wp\/v2\/types\/page"}],"author":[{"embeddable":true,"href":"https:\/\/www.comau.com\/de\/wp-json\/wp\/v2\/users\/11"}],"replies":[{"embeddable":true,"href":"https:\/\/www.comau.com\/de\/wp-json\/wp\/v2\/comments?post=22277"}],"version-history":[{"count":77,"href":"https:\/\/www.comau.com\/de\/wp-json\/wp\/v2\/pages\/22277\/revisions"}],"predecessor-version":[{"id":41757,"href":"https:\/\/www.comau.com\/de\/wp-json\/wp\/v2\/pages\/22277\/revisions\/41757"}],"up":[{"embeddable":true,"href":"https:\/\/www.comau.com\/de\/wp-json\/wp\/v2\/pages\/5977"}],"wp:featuredmedia":[{"embeddable":true,"href":"https:\/\/www.comau.com\/de\/wp-json\/wp\/v2\/media\/6014"}],"wp:attachment":[{"href":"https:\/\/www.comau.com\/de\/wp-json\/wp\/v2\/media?parent=22277"}],"curies":[{"name":"wp","href":"https:\/\/api.w.org\/{rel}","templated":true}]}}