{"id":13538,"date":"2021-06-01T00:02:23","date_gmt":"2021-05-31T22:02:23","guid":{"rendered":"https:\/\/www.comau.com\/?page_id=13538"},"modified":"2024-07-10T18:24:44","modified_gmt":"2024-07-10T16:24:44","slug":"our-vision-humanufacturing","status":"publish","type":"page","link":"https:\/\/www.comau.com\/de\/about-us\/our-vision-humanufacturing\/","title":{"rendered":"Vision: HUMANufacturing"},"content":{"rendered":"\n<p>Innovation ist ein stets wiederkehrendes Thema, dass fast jede Aktivit\u00e4t bei Comau \u2013 von Produkten bis zu Systemen und von Schulungen bis zu Kundenbeziehungen \u2013 begleitet und zunehmend zur Vorhut einer neue \u00c4ra der Automatisierung wird, die offen und vernetzt sowie leicht zu verstehen und anzuwenden ist.<\/p>\n\n\n\n<p>Basierend auf einer erfolgreichen Kombination aus fortschrittlichem technologischem Know-how und langj\u00e4hriger Erfahrung treiben Comau-Innovationen die Entwicklung neuer Produkte, modernster Technologien sowie eines leistungsf\u00e4higen Konzepts der Fabrik voran, die die Mensch-Maschine-gest\u00fctzte Automatisierung optimiert. Wir nennen das HUMANufacturing. <\/p>\n\n\n\n<figure class=\"wp-block-embed is-type-video is-provider-youtube wp-block-embed-youtube wp-embed-aspect-16-9 wp-has-aspect-ratio\"><div class=\"wp-block-embed__wrapper\">\n<iframe title=\"Video Comau Humanufacturing\" width=\"640\" height=\"360\" src=\"https:\/\/www.youtube.com\/embed\/Cdxo-YCzvbA?feature=oembed\" frameborder=\"0\" allow=\"accelerometer; autoplay; clipboard-write; encrypted-media; gyroscope; picture-in-picture; web-share\" referrerpolicy=\"strict-origin-when-cross-origin\" allowfullscreen><\/iframe>\n<\/div><\/figure>\n\n\n\n<h2 class=\"wp-block-heading\" id=\"eine-neue-art-der-fertigung\">Eine neue art der fertigung<\/h2>\n\n\n\n<p>HUMANufacturing definiert unser neues Fertigungskonzept, um den Herausforderungen und Erfordernissen eines sich st\u00e4ndig wandelnden Marktes gerecht zu werden. <\/p>\n\n\n<div class=\"wp-block-image\">\n<figure class=\"aligncenter size-large\"><img decoding=\"async\" width=\"790\" height=\"300\" src=\"https:\/\/www.comau.com\/wp-content\/uploads\/2021\/06\/1.jpg\" alt=\"\" class=\"wp-image-13563\" srcset=\"https:\/\/www.comau.com\/wp-content\/uploads\/2021\/06\/1.jpg 790w, https:\/\/www.comau.com\/wp-content\/uploads\/2021\/06\/1-300x114.jpg 300w, https:\/\/www.comau.com\/wp-content\/uploads\/2021\/06\/1-768x292.jpg 768w\" sizes=\"(max-width: 790px) 100vw, 790px\" \/><\/figure>\n<\/div>\n\n\n<p>Indem wir Industrie 4.0-f\u00e4hige L\u00f6sungen mit virtueller Realit\u00e4t und innovativen tragbaren Ger\u00e4ten kombinieren, helfen wir Unternehmen, das Potenzial einer perfekt dimensionierten Automatisierung zu nutzen, um ihre Abl\u00e4ufe zu optimieren, eine h\u00f6here Qualit\u00e4t sicherzustellen und die Flexibilit\u00e4t ihrer Fertigungsm\u00f6glichkeiten zu verbessern. <\/p>\n\n\n\n<p>Es ist ein konkretes Beispiel daf\u00fcr, wie Comau mehr als vier Jahrzehnte an Automatisierungserfahrung nutzt, um intelligente Fabrikinfrastrukturen zu konzipieren, die von Innovation inspiriert und von Kenntnis, Kultur und Weitsicht untermauert sind. Noch wichtiger aber ist, dass HUMANufacturing den Menschen ins Zentrum einer kollaborativen, sicheren und synergetischen Fertigungsumgebung stellt. <\/p>\n\n\n\n<h2 class=\"wp-block-heading\" id=\"unsere-innovationssaulen\">Unsere innovationss\u00e4ulen<\/h2>\n\n\n\n<p>Open Innovation und Co-Creation sind wesentliche Bestandteile unseres HUMANufacturing-Ansatzes. Dank Open Innovation k\u00f6nnen wir die Ideen und Energien Au\u00dfenstehender nutzen, um disruptive Innovationen f\u00fcr Produkte und L\u00f6sungen zu entwickeln. Unser Open Innovation-Modell legt den Schwerpunkt auf:<\/p>\n\n\n\n<h3 class=\"wp-block-heading\" id=\"anwenderfreundliche-losungen\">Anwenderfreundliche l\u00f6sungen<\/h3>\n\n\n\n<p>Produktionsarchitekturen, die immer schneller auf dynamische Marktbed\u00fcrfnisse reagieren, von denen viele radikale Ver\u00e4nderungen in Bezug auf die Produktionstopologien erfordern. Anwenderfreundlichkeit ist ein wesentlicher Aspekt aller Produkte oder L\u00f6sungen, die Comau anbietet. Sie war ausl\u00f6sendes Moment f\u00fcr unsere Mensch-Maschine-Schnittstelle (HMI). Und sie veranlasst auch unsere Regelungstechniker, intuitive, leicht verst\u00e4ndliche und schnell erlernbare L\u00f6sungen zu entwickeln, welche die Automatisierung einfach halten, indem sie die zugrunde liegenden innovativen Technologien und Funktionen verbergen, die f\u00fcr den Endbenutzer einfach zu komplex sein k\u00f6nnten.<\/p>\n\n\n\n<h3 class=\"wp-block-heading\" id=\"fortschrittliche-losungen-auf-der-basis-wertschopfender-gertigungslosungen\">Fortschrittliche l\u00f6sungen auf der basis wertsch\u00f6pfender gertigungsl\u00f6sungen<\/h3>\n\n\n\n<p>Diese Innovationspriorit\u00e4t unterst\u00fctzt die Entwicklung, Verfeinerung und Umsetzung einer umfassenden Reihe grundlegender Fertigungstechnologien und innovativer Prozesse, die es erleichtern, mehr Flexibilit\u00e4t zu erreichen, moderne Werkstoffe zu verwenden, hohe Leistungsf\u00e4higkeit hinsichtlich Qualit\u00e4t und Produktivit\u00e4t (Pr\u00e4zision und \u201eNull-Fehler\u201d) zu erlangen, Energie und Werkstoffe effizient zu nutzen und die Emissionen deutlich zu senken.<\/p>\n\n\n\n<h3 class=\"wp-block-heading\" id=\"mensch-roboter-kooperation\">Mensch-roboter-kooperation<\/h3>\n\n\n\n<p>Der Schwerpunkt von Innovationsaktivit\u00e4ten gem\u00e4\u00df dieser Innovationspriorit\u00e4t liegt auf den symbiotischen Mensch-Maschine-Beziehungen, die nach einem tieferen Verst\u00e4ndnis f\u00fcr das menschliche Verhalten verlangen und \u00fcber konventionelle Ans\u00e4tze hinausgehen.<\/p>\n","protected":false},"excerpt":{"rendered":"<p>Innovation ist ein stets wiederkehrendes Thema, dass fast jede Aktivit\u00e4t bei Comau \u2013 von Produkten bis zu Systemen und von Schulungen bis zu Kundenbeziehungen \u2013 begleitet und zunehmend zur Vorhut einer neue \u00c4ra der Automatisierung wird, die offen und vernetzt sowie leicht zu verstehen und anzuwenden ist. Basierend auf einer erfolgreichen Kombination aus fortschrittlichem technologischem [&hellip;]<\/p>\n","protected":false},"author":11,"featured_media":4492,"parent":5216,"menu_order":2,"comment_status":"closed","ping_status":"closed","template":"","meta":{"_acf_changed":false,"ep_exclude_from_search":false,"footnotes":""},"class_list":["post-13538","page","type-page","status-publish","has-post-thumbnail","hentry"],"acf":[],"yoast_head":"<!-- This site is optimized with the Yoast SEO plugin v26.9 - https:\/\/yoast.com\/product\/yoast-seo-wordpress\/ -->\n<title>HUMANufacturing: Eine neue Art der Fertigung<\/title>\n<meta name=\"description\" content=\"Mit der Entwicklung von Produkte, modernster Technologien sowie leistungsf\u00e4higer Konzepte optimieren wir die Mensch-Maschine-gest\u00fctzte Automatisierung.\" \/>\n<meta name=\"robots\" content=\"index, follow, max-snippet:-1, max-image-preview:large, max-video-preview:-1\" \/>\n<link rel=\"canonical\" href=\"https:\/\/www.comau.com\/de\/about-us\/our-vision-humanufacturing\/\" \/>\n<meta property=\"og:locale\" content=\"de_DE\" \/>\n<meta property=\"og:type\" content=\"article\" \/>\n<meta property=\"og:title\" content=\"HUMANufacturing: Eine neue Art der Fertigung\" \/>\n<meta property=\"og:description\" content=\"Mit der Entwicklung von Produkte, modernster Technologien sowie leistungsf\u00e4higer Konzepte optimieren wir die Mensch-Maschine-gest\u00fctzte Automatisierung.\" \/>\n<meta property=\"og:url\" content=\"https:\/\/www.comau.com\/de\/about-us\/our-vision-humanufacturing\/\" \/>\n<meta property=\"og:site_name\" content=\"Comau\" \/>\n<meta property=\"article:publisher\" content=\"https:\/\/www.facebook.com\/COMAU\/\" \/>\n<meta property=\"article:modified_time\" content=\"2024-07-10T16:24:44+00:00\" \/>\n<meta property=\"og:image\" content=\"https:\/\/www.comau.com\/wp-content\/uploads\/2021\/06\/Comau_Humanufaturing_HannoverMesse_header.jpg\" \/>\n\t<meta property=\"og:image:width\" content=\"1280\" \/>\n\t<meta property=\"og:image:height\" content=\"485\" \/>\n\t<meta property=\"og:image:type\" content=\"image\/jpeg\" \/>\n<meta name=\"twitter:card\" content=\"summary_large_image\" \/>\n<meta name=\"twitter:site\" content=\"@comaugroup\" \/>\n<meta name=\"twitter:label1\" content=\"Gesch\u00e4tzte Lesezeit\" \/>\n\t<meta name=\"twitter:data1\" content=\"3\u00a0Minuten\" \/>\n<script type=\"application\/ld+json\" class=\"yoast-schema-graph\">{\"@context\":\"https:\/\/schema.org\",\"@graph\":[{\"@type\":\"WebPage\",\"@id\":\"https:\/\/www.comau.com\/de\/about-us\/our-vision-humanufacturing\/\",\"url\":\"https:\/\/www.comau.com\/de\/about-us\/our-vision-humanufacturing\/\",\"name\":\"HUMANufacturing: Eine neue Art der Fertigung\",\"isPartOf\":{\"@id\":\"https:\/\/www.comau.com\/de\/#website\"},\"primaryImageOfPage\":{\"@id\":\"https:\/\/www.comau.com\/de\/about-us\/our-vision-humanufacturing\/#primaryimage\"},\"image\":{\"@id\":\"https:\/\/www.comau.com\/de\/about-us\/our-vision-humanufacturing\/#primaryimage\"},\"thumbnailUrl\":\"https:\/\/www.comau.com\/wp-content\/uploads\/2021\/06\/Comau_Humanufaturing_HannoverMesse_header.jpg\",\"datePublished\":\"2021-05-31T22:02:23+00:00\",\"dateModified\":\"2024-07-10T16:24:44+00:00\",\"description\":\"Mit der Entwicklung von Produkte, modernster Technologien sowie leistungsf\u00e4higer Konzepte optimieren wir die Mensch-Maschine-gest\u00fctzte Automatisierung.\",\"breadcrumb\":{\"@id\":\"https:\/\/www.comau.com\/de\/about-us\/our-vision-humanufacturing\/#breadcrumb\"},\"inLanguage\":\"de\",\"potentialAction\":[{\"@type\":\"ReadAction\",\"target\":[\"https:\/\/www.comau.com\/de\/about-us\/our-vision-humanufacturing\/\"]}]},{\"@type\":\"ImageObject\",\"inLanguage\":\"de\",\"@id\":\"https:\/\/www.comau.com\/de\/about-us\/our-vision-humanufacturing\/#primaryimage\",\"url\":\"https:\/\/www.comau.com\/wp-content\/uploads\/2021\/06\/Comau_Humanufaturing_HannoverMesse_header.jpg\",\"contentUrl\":\"https:\/\/www.comau.com\/wp-content\/uploads\/2021\/06\/Comau_Humanufaturing_HannoverMesse_header.jpg\",\"width\":1280,\"height\":485},{\"@type\":\"BreadcrumbList\",\"@id\":\"https:\/\/www.comau.com\/de\/about-us\/our-vision-humanufacturing\/#breadcrumb\",\"itemListElement\":[{\"@type\":\"ListItem\",\"position\":1,\"name\":\"Home\",\"item\":\"https:\/\/www.comau.com\/de\/\"},{\"@type\":\"ListItem\",\"position\":2,\"name\":\"\u00dcber Comau\",\"item\":\"https:\/\/www.comau.com\/de\/about-us\/\"},{\"@type\":\"ListItem\",\"position\":3,\"name\":\"Vision: HUMANufacturing\"}]},{\"@type\":\"WebSite\",\"@id\":\"https:\/\/www.comau.com\/de\/#website\",\"url\":\"https:\/\/www.comau.com\/de\/\",\"name\":\"Comau\",\"description\":\"Industrial automation and robotics\",\"publisher\":{\"@id\":\"https:\/\/www.comau.com\/de\/#organization\"},\"potentialAction\":[{\"@type\":\"SearchAction\",\"target\":{\"@type\":\"EntryPoint\",\"urlTemplate\":\"https:\/\/www.comau.com\/de\/?s={search_term_string}\"},\"query-input\":{\"@type\":\"PropertyValueSpecification\",\"valueRequired\":true,\"valueName\":\"search_term_string\"}}],\"inLanguage\":\"de\"},{\"@type\":\"Organization\",\"@id\":\"https:\/\/www.comau.com\/de\/#organization\",\"name\":\"Comau\",\"url\":\"https:\/\/www.comau.com\/de\/\",\"logo\":{\"@type\":\"ImageObject\",\"inLanguage\":\"de\",\"@id\":\"https:\/\/www.comau.com\/de\/#\/schema\/logo\/image\/\",\"url\":\"https:\/\/www.comau.com\/wp-content\/uploads\/2024\/07\/cropped-Logo-COMAU.png\",\"contentUrl\":\"https:\/\/www.comau.com\/wp-content\/uploads\/2024\/07\/cropped-Logo-COMAU.png\",\"width\":434,\"height\":434,\"caption\":\"Comau\"},\"image\":{\"@id\":\"https:\/\/www.comau.com\/de\/#\/schema\/logo\/image\/\"},\"sameAs\":[\"https:\/\/www.facebook.com\/COMAU\/\",\"https:\/\/x.com\/comaugroup\",\"https:\/\/www.instagram.com\/comaugroup\/\",\"https:\/\/www.linkedin.com\/company\/comau\",\"https:\/\/www.youtube.com\/user\/comau\"]}]}<\/script>\n<!-- \/ Yoast SEO plugin. -->","yoast_head_json":{"title":"HUMANufacturing: Eine neue Art der Fertigung","description":"Mit der Entwicklung von Produkte, modernster Technologien sowie leistungsf\u00e4higer Konzepte optimieren wir die Mensch-Maschine-gest\u00fctzte Automatisierung.","robots":{"index":"index","follow":"follow","max-snippet":"max-snippet:-1","max-image-preview":"max-image-preview:large","max-video-preview":"max-video-preview:-1"},"canonical":"https:\/\/www.comau.com\/de\/about-us\/our-vision-humanufacturing\/","og_locale":"de_DE","og_type":"article","og_title":"HUMANufacturing: Eine neue Art der Fertigung","og_description":"Mit der Entwicklung von Produkte, modernster Technologien sowie leistungsf\u00e4higer Konzepte optimieren wir die Mensch-Maschine-gest\u00fctzte Automatisierung.","og_url":"https:\/\/www.comau.com\/de\/about-us\/our-vision-humanufacturing\/","og_site_name":"Comau","article_publisher":"https:\/\/www.facebook.com\/COMAU\/","article_modified_time":"2024-07-10T16:24:44+00:00","og_image":[{"width":1280,"height":485,"url":"https:\/\/www.comau.com\/wp-content\/uploads\/2021\/06\/Comau_Humanufaturing_HannoverMesse_header.jpg","type":"image\/jpeg"}],"twitter_card":"summary_large_image","twitter_site":"@comaugroup","twitter_misc":{"Gesch\u00e4tzte Lesezeit":"3\u00a0Minuten"},"schema":{"@context":"https:\/\/schema.org","@graph":[{"@type":"WebPage","@id":"https:\/\/www.comau.com\/de\/about-us\/our-vision-humanufacturing\/","url":"https:\/\/www.comau.com\/de\/about-us\/our-vision-humanufacturing\/","name":"HUMANufacturing: Eine neue Art der Fertigung","isPartOf":{"@id":"https:\/\/www.comau.com\/de\/#website"},"primaryImageOfPage":{"@id":"https:\/\/www.comau.com\/de\/about-us\/our-vision-humanufacturing\/#primaryimage"},"image":{"@id":"https:\/\/www.comau.com\/de\/about-us\/our-vision-humanufacturing\/#primaryimage"},"thumbnailUrl":"https:\/\/www.comau.com\/wp-content\/uploads\/2021\/06\/Comau_Humanufaturing_HannoverMesse_header.jpg","datePublished":"2021-05-31T22:02:23+00:00","dateModified":"2024-07-10T16:24:44+00:00","description":"Mit der Entwicklung von Produkte, modernster Technologien sowie leistungsf\u00e4higer Konzepte optimieren wir die Mensch-Maschine-gest\u00fctzte Automatisierung.","breadcrumb":{"@id":"https:\/\/www.comau.com\/de\/about-us\/our-vision-humanufacturing\/#breadcrumb"},"inLanguage":"de","potentialAction":[{"@type":"ReadAction","target":["https:\/\/www.comau.com\/de\/about-us\/our-vision-humanufacturing\/"]}]},{"@type":"ImageObject","inLanguage":"de","@id":"https:\/\/www.comau.com\/de\/about-us\/our-vision-humanufacturing\/#primaryimage","url":"https:\/\/www.comau.com\/wp-content\/uploads\/2021\/06\/Comau_Humanufaturing_HannoverMesse_header.jpg","contentUrl":"https:\/\/www.comau.com\/wp-content\/uploads\/2021\/06\/Comau_Humanufaturing_HannoverMesse_header.jpg","width":1280,"height":485},{"@type":"BreadcrumbList","@id":"https:\/\/www.comau.com\/de\/about-us\/our-vision-humanufacturing\/#breadcrumb","itemListElement":[{"@type":"ListItem","position":1,"name":"Home","item":"https:\/\/www.comau.com\/de\/"},{"@type":"ListItem","position":2,"name":"\u00dcber Comau","item":"https:\/\/www.comau.com\/de\/about-us\/"},{"@type":"ListItem","position":3,"name":"Vision: HUMANufacturing"}]},{"@type":"WebSite","@id":"https:\/\/www.comau.com\/de\/#website","url":"https:\/\/www.comau.com\/de\/","name":"Comau","description":"Industrial automation and robotics","publisher":{"@id":"https:\/\/www.comau.com\/de\/#organization"},"potentialAction":[{"@type":"SearchAction","target":{"@type":"EntryPoint","urlTemplate":"https:\/\/www.comau.com\/de\/?s={search_term_string}"},"query-input":{"@type":"PropertyValueSpecification","valueRequired":true,"valueName":"search_term_string"}}],"inLanguage":"de"},{"@type":"Organization","@id":"https:\/\/www.comau.com\/de\/#organization","name":"Comau","url":"https:\/\/www.comau.com\/de\/","logo":{"@type":"ImageObject","inLanguage":"de","@id":"https:\/\/www.comau.com\/de\/#\/schema\/logo\/image\/","url":"https:\/\/www.comau.com\/wp-content\/uploads\/2024\/07\/cropped-Logo-COMAU.png","contentUrl":"https:\/\/www.comau.com\/wp-content\/uploads\/2024\/07\/cropped-Logo-COMAU.png","width":434,"height":434,"caption":"Comau"},"image":{"@id":"https:\/\/www.comau.com\/de\/#\/schema\/logo\/image\/"},"sameAs":["https:\/\/www.facebook.com\/COMAU\/","https:\/\/x.com\/comaugroup","https:\/\/www.instagram.com\/comaugroup\/","https:\/\/www.linkedin.com\/company\/comau","https:\/\/www.youtube.com\/user\/comau"]}]}},"_links":{"self":[{"href":"https:\/\/www.comau.com\/de\/wp-json\/wp\/v2\/pages\/13538","targetHints":{"allow":["GET"]}}],"collection":[{"href":"https:\/\/www.comau.com\/de\/wp-json\/wp\/v2\/pages"}],"about":[{"href":"https:\/\/www.comau.com\/de\/wp-json\/wp\/v2\/types\/page"}],"author":[{"embeddable":true,"href":"https:\/\/www.comau.com\/de\/wp-json\/wp\/v2\/users\/11"}],"replies":[{"embeddable":true,"href":"https:\/\/www.comau.com\/de\/wp-json\/wp\/v2\/comments?post=13538"}],"version-history":[{"count":43,"href":"https:\/\/www.comau.com\/de\/wp-json\/wp\/v2\/pages\/13538\/revisions"}],"predecessor-version":[{"id":65030,"href":"https:\/\/www.comau.com\/de\/wp-json\/wp\/v2\/pages\/13538\/revisions\/65030"}],"up":[{"embeddable":true,"href":"https:\/\/www.comau.com\/de\/wp-json\/wp\/v2\/pages\/5216"}],"wp:featuredmedia":[{"embeddable":true,"href":"https:\/\/www.comau.com\/de\/wp-json\/wp\/v2\/media\/4492"}],"wp:attachment":[{"href":"https:\/\/www.comau.com\/de\/wp-json\/wp\/v2\/media?parent=13538"}],"curies":[{"name":"wp","href":"https:\/\/api.w.org\/{rel}","templated":true}]}}